{"id":7978,"date":"2025-11-03T14:55:32","date_gmt":"2025-11-03T14:55:32","guid":{"rendered":"https:\/\/engie-vianeo-dev.noprod.db-vianeo.com\/a-propos\/"},"modified":"2025-11-26T12:32:07","modified_gmt":"2025-11-26T12:32:07","slug":"a-propos","status":"publish","type":"page","link":"https:\/\/evianeo.befikry.com\/en\/a-propos\/","title":{"rendered":"\u00c0 propos"},"content":{"rendered":"\n\n<section class=\"hero_header_style_2 wp-block-engie-hero-header\"\n\t\t\tstyle=\"background:linear-gradient(#232D3580, #232D3580),url(https:\/\/evianeo.befikry.com\/wp-content\/uploads\/2025\/11\/about-cover.jpg) center no-repeat; background-size:cover;\"\n\t\n>\n\t<div class=\"container\">\n\t\t<div class=\"hero-header-inner\">\t\n\t\t\t<div class=\"hero-header-content\">\n\t\t\t\t\t\t\t\t\t<h1 class=\"hero-header-title\"> \u00c0 propos<\/h1>\n\t\t\t\t\t\t\t\t<\/div>\n\t\t<\/div>\n\t<\/div>\n\n<\/section>\n\n<section class=\"desktop-xxl_height tablet-xs_height mobile-xs_height wp-block-engie-block-blank-dividers\">\n\t\n<\/section>\n\n\n<section class=\"style-right background-white wp-block-engie-block-cta-main\">\n    \n    <div class=\"block-cta-main-left\">\n        <div class=\"block-cta-content\">\n            <div class=\"title-round-icon\">\n                                <div class=\"block-cta-title\">\n                    <h2 class=\"title-cta-block\">Qui sommes-<br>nous ?<\/h2>                <\/div>\n            <\/div>\n\n            <p class=\"block-cta-desc\">ENGIE Vianeo est une filiale du groupe ENGIE d\u00e9di\u00e9e \u00e0 la mobilit\u00e9 \u00e9lectrique. Nous installons et op\u00e9rons un r\u00e9seau de bornes de recharge pour v\u00e9hicules \u00e9lectriques \u00e0 travers la France et la Belgique, avec pour mission de faciliter la transition vers une mobilit\u00e9 plus durable et respectueuse de l&#8217;environnement. Notre objectif est de fournir des solutions de recharge rapides, accessibles et fiables pour tous les utilisateurs de v\u00e9hicules \u00e9lectriques.<\/p>\n            <ul class=\"block-cta-buttons-list\">\n                            <\/ul>\n        <\/div>\n    <\/div>\n    \n    <div class=\"block-cta-main-right\">\n        <div class=\"block-cta-picture\"\n                            style=\"background:url(https:\/\/evianeo.befikry.com\/wp-content\/uploads\/2025\/11\/who-are-we-img.jpg) no-repeat; background-size:cover;\"\n            >\n        <\/div>\n    <\/div>\n\n<\/section>\n\n<section class=\"desktop-xxl_height tablet-xs_height mobile-xs_height wp-block-engie-block-blank-dividers\">\n\t\n<\/section>\n\n\n<section class=\"style-left background-white wp-block-engie-block-cta-main\">\n    \n    <div class=\"block-cta-main-left\">\n        <div class=\"block-cta-content\">\n            <div class=\"title-round-icon\">\n                                <div class=\"block-cta-title\">\n                    <h2 class=\"title-cta-block\">Notre histoire<\/h2>                <\/div>\n            <\/div>\n\n            <p class=\"block-cta-desc\">ENGIE Vianeo a \u00e9t\u00e9 officiellement lanc\u00e9e en juin 2023. Depuis, nous avons rapidement \u00e9tendu notre r\u00e9seau, capitalisant sur les stations de recharge existantes et en installant de nouvelles bornes \u00e0 travers la France et la Belgique. En 2025, nous pr\u00e9voyons d&#8217;offrir 11 000 points de recharge publics suppl\u00e9mentaires aux utilisateurs de v\u00e9hicules \u00e9lectriques en France.<\/p>\n            <ul class=\"block-cta-buttons-list\">\n                            <\/ul>\n        <\/div>\n    <\/div>\n    \n    <div class=\"block-cta-main-right\">\n        <div class=\"block-cta-picture\"\n                            style=\"background:url(https:\/\/evianeo.befikry.com\/wp-content\/uploads\/2025\/11\/our-history-img.jpg) no-repeat; background-size:cover;\"\n            >\n        <\/div>\n    <\/div>\n\n<\/section>\n\n<section class=\"desktop-xxl_height tablet-xs_height mobile-xs_height wp-block-engie-block-blank-dividers\">\n\t\n<\/section>\n\n\n<div class=\"wp-block-group alignfull over-values-sec has-ultramarine-900-background-color has-background has-global-padding is-layout-constrained wp-block-group-is-layout-constrained\" id=\"our-value\" style=\"padding-top:var(--wp--preset--spacing--50);padding-bottom:var(--wp--preset--spacing--50)\">\n<div class=\"wp-block-group container has-global-padding is-layout-constrained wp-block-group-is-layout-constrained\">\n<h2 class=\"wp-block-heading has-text-align-center has-grey-0-color has-text-color has-link-color wp-elements-2382dd33cccb7f076812eb1acb1c436f\">Nos valeurs<\/h2>\n\n\n\n<p class=\"has-text-align-center fs-24 has-grey-0-color has-text-color has-link-color wp-elements-afa0fc5d119c14aa56e9e80e9fe09d40\">Chez ENGIE Vianeo, nous nous engageons \u00e0 :<\/p>\n<\/div>\n\n\n\n<div class=\"wp-block-columns alignwide container is-layout-flex wp-container-core-columns-is-layout-d7e65425 wp-block-columns-is-layout-flex\" style=\"padding-bottom:0px\">\n<div class=\"wp-block-column is-layout-flow wp-container-core-column-is-layout-8eebadab wp-block-column-is-layout-flow\">\n<figure class=\"wp-block-image aligncenter size-full\"><img decoding=\"async\" src=\"https:\/\/evianeo.befikry.com\/wp-content\/uploads\/2025\/11\/easy-finger-snap.svg\" alt=\"\" class=\"wp-image-8017\" style=\"object-fit:cover\"\/><\/figure>\n\n\n\n<h3 class=\"wp-block-heading has-text-align-center has-grey-0-color has-text-color has-link-color wp-elements-4f4fb148ebb0c9247b0b36de8ea820db\">Simplicit\u00e9<\/h3>\n\n\n\n<p class=\"has-text-align-center has-grey-0-color has-text-color has-link-color wp-elements-f0a7835777355edcb60a3e9e827d8c84\">Offrir des solutions de recharge faciles \u00e0 utiliser et accessibles \u00e0 tous.<\/p>\n<\/div>\n\n\n\n<div class=\"wp-block-column is-layout-flow wp-container-core-column-is-layout-8eebadab wp-block-column-is-layout-flow\">\n<figure class=\"wp-block-image aligncenter size-full\"><img decoding=\"async\" src=\"https:\/\/evianeo.befikry.com\/wp-content\/uploads\/2025\/11\/hand-earth.svg\" alt=\"\" class=\"wp-image-8020\" style=\"object-fit:cover\"\/><\/figure>\n\n\n\n<h4 class=\"wp-block-heading has-text-align-center has-grey-0-color has-text-color has-link-color wp-elements-89f836eb5c73642f211a6119053676d7\">Engagement<\/h4>\n\n\n\n<p class=\"has-text-align-center has-grey-0-color has-text-color has-link-color wp-elements-2e285c62f357eab3f89178560785213d\">Contribuer activement \u00e0 la transition \u00e9nerg\u00e9tique et \u00e0 la r\u00e9duction des \u00e9missions de carbone.<\/p>\n<\/div>\n\n\n\n<div class=\"wp-block-column is-layout-flow wp-container-core-column-is-layout-8eebadab wp-block-column-is-layout-flow\">\n<figure class=\"wp-block-image aligncenter size-full\"><img decoding=\"async\" src=\"https:\/\/evianeo.befikry.com\/wp-content\/uploads\/2025\/11\/Transaprency.svg\" alt=\"\" class=\"wp-image-8024\" style=\"object-fit:cover\"\/><\/figure>\n\n\n\n<h3 class=\"wp-block-heading has-text-align-center has-grey-0-color has-text-color has-link-color wp-elements-828c2f3bf4c72e8c625f349f03c04aa6\">Transparence<\/h3>\n\n\n\n<p class=\"has-text-align-center has-grey-0-color has-text-color has-link-color wp-elements-9a697a5e7b4ec123bc1a2c8de39bcd01\">Garantir des prix clairs et une communication honn\u00eate avec nos clients.<\/p>\n<\/div>\n<\/div>\n<\/div>\n\n\n<section class=\"desktop-xxl_height tablet-xs_height mobile-xs_height wp-block-engie-block-blank-dividers\">\n\t\n<\/section>\n\n\n<div class=\"wp-block-group alignfull has-global-padding is-layout-constrained wp-block-group-is-layout-constrained\" id=\"key-figures\">\n<h2 class=\"wp-block-heading has-text-align-center has-custom-heading-color has-text-color has-link-color wp-elements-85ba6e8eedd591c59935c746f0f44936\">Chiffres cl\u00e9s<\/h2>\n\n\n\n<p class=\"has-text-align-center has-custom-secondary-color has-text-color has-link-color wp-elements-b7897281f0d0f9f7dfd4e68a30976bf8\">Lorem Ipsum Dolor Sit Amet, Adipiscing Consulting Elit Sed Do Eiusmod Tempor Incididunt .<\/p>\n\n\n<section class=\"desktop-xs_height tablet-xs_height mobile-xs_height wp-block-engie-block-blank-dividers\">\n\t\n<\/section>\n\n\n<div class=\"wp-block-columns alignwide container counter-num is-layout-flex wp-container-core-columns-is-layout-28f84493 wp-block-columns-is-layout-flex\">\n<div class=\"wp-block-column is-layout-flow wp-container-core-column-is-layout-1a0eff7f wp-block-column-is-layout-flow\">\n<div class=\"wp-block-group has-global-padding is-content-justification-left is-layout-constrained wp-container-core-group-is-layout-0a4336ca wp-block-group-is-layout-constrained\">\n<p class=\"has-text-align-center hero-header-title has-no-bottom-margin has-ultramarine-900-color has-text-color has-link-color wp-elements-6eb231b698acecc934222fa0e343c06f\" style=\"font-size:clamp(38.682px, 2.418rem + ((1vw - 3.2px) * 3.786), 72px);font-style:normal;font-weight:700\">6600<\/p>\n\n\n\n<p class=\"has-text-align-center\" style=\"font-size:clamp(14px, 0.875rem + ((1vw - 3.2px) * 0.455), 18px);font-style:normal;font-weight:400\"><strong><strong>Points de recharge<\/strong><\/strong><\/p>\n\n\n\n<p class=\"has-text-align-center\" style=\"font-size:clamp(14px, 0.875rem + ((1vw - 3.2px) * 0.455), 18px);font-style:normal;font-weight:400\">en France et en Belgique<\/p>\n<\/div>\n<\/div>\n\n\n\n<div class=\"wp-block-column is-layout-flow wp-container-core-column-is-layout-1a0eff7f wp-block-column-is-layout-flow\">\n<div class=\"wp-block-group has-global-padding is-content-justification-left is-layout-constrained wp-container-core-group-is-layout-0a4336ca wp-block-group-is-layout-constrained\">\n<p class=\"has-text-align-center hero-header-title has-no-bottom-margin has-ultramarine-900-color has-text-color has-link-color wp-elements-0ed970687a3be14cfa389eb38aa5a89c\" style=\"font-size:clamp(38.682px, 2.418rem + ((1vw - 3.2px) * 3.786), 72px);font-style:normal;font-weight:700\">340<\/p>\n\n\n\n<p class=\"has-text-align-center\" style=\"font-size:clamp(14px, 0.875rem + ((1vw - 3.2px) * 0.455), 18px);font-style:normal;font-weight:400\"><strong>stations<\/strong><\/p>\n\n\n\n<p class=\"has-text-align-center\" style=\"font-size:clamp(14px, 0.875rem + ((1vw - 3.2px) * 0.455), 18px);font-style:normal;font-weight:400\">d\u00e9di\u00e9s aux poids-lourds \u00e9lectriques avec une puissance allant jusqu\u2019\u00e0 480 kW<\/p>\n<\/div>\n<\/div>\n\n\n\n<div class=\"wp-block-column is-layout-flow wp-container-core-column-is-layout-1a0eff7f wp-block-column-is-layout-flow\">\n<div class=\"wp-block-group has-global-padding is-content-justification-left is-layout-constrained wp-container-core-group-is-layout-0a4336ca wp-block-group-is-layout-constrained\">\n<p class=\"has-text-align-center hero-header-title has-no-bottom-margin has-ultramarine-900-color has-text-color has-link-color wp-elements-b25dec89d301e004fe3cfbdec63b875a\" style=\"font-size:clamp(38.682px, 2.418rem + ((1vw - 3.2px) * 3.786), 72px);font-style:normal;font-weight:700\">2500<\/p>\n\n\n\n<p class=\"has-text-align-center\" style=\"font-size:clamp(14px, 0.875rem + ((1vw - 3.2px) * 0.455), 18px);font-style:normal;font-weight:400\"><strong><strong>Points de recharge<\/strong><\/strong><\/p>\n\n\n\n<p class=\"has-text-align-center\" style=\"font-size:clamp(14px, 0.875rem + ((1vw - 3.2px) * 0.455), 18px);font-style:normal;font-weight:400\">publics pr\u00e9vus d\u2019ici 2030 France et en Belgique<\/p>\n<\/div>\n<\/div>\n<\/div>\n<\/div>\n\n\n<section class=\"desktop-xxl_height tablet-xs_height mobile-xs_height wp-block-engie-block-blank-dividers\">\n\t\n<\/section>\n\n<section class=\"section_titles_style_secondary wp-block-engie-section-titles\">\n\t<div class=\"container\">\n\t\t<h2 class=\"section_titles_title \">Derni\u00e8res actualit\u00e9s<\/h2 >\t\t\t<\/div>\n<\/section>\n\n\n<section class=\"carrousel_color_white wp-block-engie-carrousel-articles\">\r\n\t<div class=\"container\">\r\n\t\t<div class=\"articles-section\">\r\n\t\t\t\t\t\t\t\t\t<div class=\"wp-block-engie-post-card\">\n<a href=\"https:\/\/evianeo.befikry.com\/en\/early-recharging-for-a-stress-free-journey-engie-vianeo-optimizes-the-experience-of-electric-truck-drivers\/\">\n\n\t<div class=\"nj-card \">\n\t\t<div class=\"img-container\">\n\t\t\t<img decoding=\"async\" class=\"nj-card__img\" src=\"https:\/\/evianeo.befikry.com\/wp-content\/uploads\/2025\/03\/Inauguration_Galande_241004-44.jpeg\" alt=\"Recharge d&#039;un camion \u00e9lectrique sur la station ENGIE Vianeo de Galande\" \/>\n\t\t<\/div>\n\t\t<div class=\"nj-card__body\">\n\t\t\t<div class=\"mb-2\">\n\t\t\t\t\t\t\t\t<div class=\"nj-tag nj-tag--\"><span class=\"nj-tag__text\">Heavy-duty vehicles<\/span><\/div>\n\t\t\t\t\t\t\t\t<div class=\"nj-tag nj-tag--orange\"><span class=\"nj-tag__text\">Press release<\/span><\/div>\n\t\t\t\t\t\t\t<\/div>\n\t\t\t<h2 class=\"nj-card__title\">Early recharging for a stress-free journey: ENGIE Vianeo optimizes the experience of electric truck drivers<\/h2>\n\t\t\t<p>Four months after the inauguration of its Lyon-Paris corridor, ENGIE Vianeo confirms its leadership in electric truck recharging. This pioneering project, rapidly adopted by hauliers, demonstrates ENGIE Vianeo&#8217;s ability to accelerate the transition to low-carbon transport and to innovate in the field of green mobility. Charging an electric truck at the ENGIE Vianeo station in [&hellip;]<\/p>\n\t\t<\/div>\n\t<\/div>\n\t<\/a>\n<\/div>\n\t\t\t\t\t\t\t\t\t\t\t<div class=\"wp-block-engie-post-card\">\n<a href=\"https:\/\/evianeo.befikry.com\/en\/e-truck-charging\/\">\n\n\t<div class=\"nj-card \">\n\t\t<div class=\"img-container\">\n\t\t\t<img decoding=\"async\" class=\"nj-card__img\" src=\"https:\/\/evianeo.befikry.com\/wp-content\/uploads\/2024\/06\/page_ML_2.webp\" alt=\" \" \/>\n\t\t<\/div>\n\t\t<div class=\"nj-card__body\">\n\t\t\t<div class=\"mb-2\">\n\t\t\t\t\t\t\t\t<div class=\"nj-tag nj-tag--\"><span class=\"nj-tag__text\">Heavy-duty vehicles<\/span><\/div>\n\t\t\t\t\t\t\t\t<div class=\"nj-tag nj-tag--orange\"><span class=\"nj-tag__text\">Press release<\/span><\/div>\n\t\t\t\t\t\t\t<\/div>\n\t\t\t<h2 class=\"nj-card__title\">The electrification of heavy mobility, an expert&#8217;s insight<\/h2>\n\t\t\t<p>Visit IAA Transportation 2024to be held in Hanover, Germany, will once again showcase the latest innovations in mobility and transportation. On this occasion, ENGIE Vianeo will be present to underline the importance of a massive transition to electromobility for heavy goods vehicles, in the same way as the meteoric development of recharging for light electric [&hellip;]<\/p>\n\t\t<\/div>\n\t<\/div>\n\t<\/a>\n<\/div>\n\t\t\t\t\t\t\t\t\t\t\t<div class=\"wp-block-engie-post-card\">\n<a href=\"https:\/\/evianeo.befikry.com\/en\/charging-electric-trucks-iaa-transportation\/\">\n\n\t<div class=\"nj-card \">\n\t\t<div class=\"img-container\">\n\t\t\t<img decoding=\"async\" class=\"nj-card__img\" src=\"https:\/\/evianeo.befikry.com\/wp-content\/uploads\/2024\/06\/page_ML.webp\" alt=\"camions \u00e9lectriques sur une aire de recharge\" \/>\n\t\t<\/div>\n\t\t<div class=\"nj-card__body\">\n\t\t\t<div class=\"mb-2\">\n\t\t\t\t\t\t\t\t<div class=\"nj-tag nj-tag--\"><span class=\"nj-tag__text\">Heavy-duty vehicles<\/span><\/div>\n\t\t\t\t\t\t\t<\/div>\n\t\t\t<h2 class=\"nj-card__title\">Electric truck charging: ENGIE Vianeo at IAA Transportation<\/h2>\n\t\t\t<p>Charging your electric car is almost as easy as charging your smartphone. As long as you adopt the right gestures.  What&#039;s the ideal charging frequency? Is it a good idea to plug into a charging station every day? Our practical tips for taking better care of your vehicle&#039;s battery  <\/p>\n\t\t<\/div>\n\t<\/div>\n\t<\/a>\n<\/div>\n\t\t\t\t\t\t\t<\/div>\r\n\t<\/div>\r\n\t\t\t\t\r\n\t\t\t\r\n\t<a href=\"\r\n\t\thttps:\/\/evianeo.befikry.com\/en\/news\/\t\t\" class=\"nj-btn\">Voir toutes les actualit\u00e9s<\/a>\r\n\r\n\t<\/section>\r\n\n\n<section class=\"desktop-xxl_height tablet-xs_height mobile-xs_height wp-block-engie-block-blank-dividers\">\n\t\n<\/section>","protected":false},"excerpt":{"rendered":"<p>Nos valeurs Chez ENGIE Vianeo, nous nous engageons \u00e0 : Simplicit\u00e9 Offrir des solutions de recharge faciles \u00e0 utiliser et accessibles \u00e0 tous. Engagement Contribuer activement \u00e0 la transition \u00e9nerg\u00e9tique et \u00e0 la r\u00e9duction des \u00e9missions de carbone. Transparence Garantir des prix clairs et une communication honn\u00eate avec nos clients. Chiffres cl\u00e9s Lorem Ipsum Dolor [&hellip;]<\/p>\n","protected":false},"author":22,"featured_media":0,"parent":0,"menu_order":0,"comment_status":"closed","ping_status":"closed","template":"","meta":{"_acf_changed":false,"footnotes":""},"class_list":["post-7978","page","type-page","status-publish","hentry"],"acf":[],"yoast_head":"<!-- This site is optimized with the Yoast SEO plugin v26.2 - https:\/\/yoast.com\/wordpress\/plugins\/seo\/ -->\n<title>\u00c0 propos - ENGIE Vianeo<\/title>\n<meta name=\"robots\" content=\"noindex, follow, max-snippet:-1, max-image-preview:large, max-video-preview:-1\" \/>\n<meta property=\"og:locale\" content=\"en_US\" \/>\n<meta property=\"og:type\" content=\"article\" \/>\n<meta property=\"og:title\" content=\"\u00c0 propos - ENGIE Vianeo\" \/>\n<meta property=\"og:description\" content=\"Nos valeurs Chez ENGIE Vianeo, nous nous engageons \u00e0 : Simplicit\u00e9 Offrir des solutions de recharge faciles \u00e0 utiliser et accessibles \u00e0 tous. Engagement Contribuer activement \u00e0 la transition \u00e9nerg\u00e9tique et \u00e0 la r\u00e9duction des \u00e9missions de carbone. Transparence Garantir des prix clairs et une communication honn\u00eate avec nos clients. Chiffres cl\u00e9s Lorem Ipsum Dolor [&hellip;]\" \/>\n<meta property=\"og:url\" content=\"https:\/\/evianeo.befikry.com\/en\/a-propos\/\" \/>\n<meta property=\"og:site_name\" content=\"ENGIE Vianeo\" \/>\n<meta property=\"article:publisher\" content=\"https:\/\/www.facebook.com\/ENGIEvianeo\" \/>\n<meta property=\"article:modified_time\" content=\"2025-11-26T12:32:07+00:00\" \/>\n<meta property=\"og:image\" content=\"https:\/\/evianeo.befikry.com\/wp-content\/uploads\/2023\/06\/img-engie-rs.jpg\" \/>\n\t<meta property=\"og:image:width\" content=\"1200\" \/>\n\t<meta property=\"og:image:height\" content=\"1222\" \/>\n\t<meta property=\"og:image:type\" content=\"image\/jpeg\" \/>\n<meta name=\"twitter:card\" content=\"summary_large_image\" \/>\n<meta name=\"twitter:site\" content=\"@ENGIEvianeo\" \/>\n<meta name=\"twitter:label1\" content=\"Est. reading time\" \/>\n\t<meta name=\"twitter:data1\" content=\"2 minutes\" \/>\n<script type=\"application\/ld+json\" class=\"yoast-schema-graph\">{\"@context\":\"https:\/\/schema.org\",\"@graph\":[{\"@type\":\"WebPage\",\"@id\":\"https:\/\/evianeo.befikry.com\/en\/a-propos\/\",\"url\":\"https:\/\/evianeo.befikry.com\/en\/a-propos\/\",\"name\":\"\u00c0 propos - ENGIE Vianeo\",\"isPartOf\":{\"@id\":\"https:\/\/evianeo.befikry.com\/en\/#website\"},\"primaryImageOfPage\":{\"@id\":\"https:\/\/evianeo.befikry.com\/en\/a-propos\/#primaryimage\"},\"image\":{\"@id\":\"https:\/\/evianeo.befikry.com\/en\/a-propos\/#primaryimage\"},\"thumbnailUrl\":\"https:\/\/evianeo.befikry.com\/wp-content\/uploads\/2025\/11\/easy-finger-snap.svg\",\"datePublished\":\"2025-11-03T14:55:32+00:00\",\"dateModified\":\"2025-11-26T12:32:07+00:00\",\"breadcrumb\":{\"@id\":\"https:\/\/evianeo.befikry.com\/en\/a-propos\/#breadcrumb\"},\"inLanguage\":\"en-US\",\"potentialAction\":[{\"@type\":\"ReadAction\",\"target\":[\"https:\/\/evianeo.befikry.com\/en\/a-propos\/\"]}]},{\"@type\":\"ImageObject\",\"inLanguage\":\"en-US\",\"@id\":\"https:\/\/evianeo.befikry.com\/en\/a-propos\/#primaryimage\",\"url\":\"https:\/\/evianeo.befikry.com\/wp-content\/uploads\/2025\/11\/easy-finger-snap.svg\",\"contentUrl\":\"https:\/\/evianeo.befikry.com\/wp-content\/uploads\/2025\/11\/easy-finger-snap.svg\"},{\"@type\":\"BreadcrumbList\",\"@id\":\"https:\/\/evianeo.befikry.com\/en\/a-propos\/#breadcrumb\",\"itemListElement\":[{\"@type\":\"ListItem\",\"position\":1,\"name\":\"home\",\"item\":\"https:\/\/evianeo.befikry.com\/en\/\"},{\"@type\":\"ListItem\",\"position\":2,\"name\":\"\u00c0 propos\"}]},{\"@type\":\"WebSite\",\"@id\":\"https:\/\/evianeo.befikry.com\/en\/#website\",\"url\":\"https:\/\/evianeo.befikry.com\/en\/\",\"name\":\"ENGIE Vianeo\",\"description\":\"L\u2019\u00e9nergie est notre avenir, \u00e9conomisons-la.\",\"publisher\":{\"@id\":\"https:\/\/evianeo.befikry.com\/en\/#organization\"},\"potentialAction\":[{\"@type\":\"SearchAction\",\"target\":{\"@type\":\"EntryPoint\",\"urlTemplate\":\"https:\/\/evianeo.befikry.com\/en\/?s={search_term_string}\"},\"query-input\":{\"@type\":\"PropertyValueSpecification\",\"valueRequired\":true,\"valueName\":\"search_term_string\"}}],\"inLanguage\":\"en-US\"},{\"@type\":\"Organization\",\"@id\":\"https:\/\/evianeo.befikry.com\/en\/#organization\",\"name\":\"ENGIE Vianeo\",\"url\":\"https:\/\/evianeo.befikry.com\/en\/\",\"logo\":{\"@type\":\"ImageObject\",\"inLanguage\":\"en-US\",\"@id\":\"https:\/\/evianeo.befikry.com\/en\/#\/schema\/logo\/image\/\",\"url\":\"https:\/\/www.engie-vianeo.com\/wp-content\/uploads\/2023\/05\/logo-engie-vianeo.svg\",\"contentUrl\":\"https:\/\/www.engie-vianeo.com\/wp-content\/uploads\/2023\/05\/logo-engie-vianeo.svg\",\"width\":1,\"height\":1,\"caption\":\"ENGIE Vianeo\"},\"image\":{\"@id\":\"https:\/\/evianeo.befikry.com\/en\/#\/schema\/logo\/image\/\"},\"sameAs\":[\"https:\/\/www.facebook.com\/ENGIEvianeo\",\"https:\/\/x.com\/ENGIEvianeo\"]}]}<\/script>\n<!-- \/ Yoast SEO plugin. -->","yoast_head_json":{"title":"\u00c0 propos - ENGIE Vianeo","robots":{"index":"noindex","follow":"follow","max-snippet":"max-snippet:-1","max-image-preview":"max-image-preview:large","max-video-preview":"max-video-preview:-1"},"og_locale":"en_US","og_type":"article","og_title":"\u00c0 propos - ENGIE Vianeo","og_description":"Nos valeurs Chez ENGIE Vianeo, nous nous engageons \u00e0 : Simplicit\u00e9 Offrir des solutions de recharge faciles \u00e0 utiliser et accessibles \u00e0 tous. Engagement Contribuer activement \u00e0 la transition \u00e9nerg\u00e9tique et \u00e0 la r\u00e9duction des \u00e9missions de carbone. Transparence Garantir des prix clairs et une communication honn\u00eate avec nos clients. Chiffres cl\u00e9s Lorem Ipsum Dolor [&hellip;]","og_url":"https:\/\/evianeo.befikry.com\/en\/a-propos\/","og_site_name":"ENGIE Vianeo","article_publisher":"https:\/\/www.facebook.com\/ENGIEvianeo","article_modified_time":"2025-11-26T12:32:07+00:00","og_image":[{"width":1200,"height":1222,"url":"https:\/\/evianeo.befikry.com\/wp-content\/uploads\/2023\/06\/img-engie-rs.jpg","type":"image\/jpeg"}],"twitter_card":"summary_large_image","twitter_site":"@ENGIEvianeo","twitter_misc":{"Est. reading time":"2 minutes"},"schema":{"@context":"https:\/\/schema.org","@graph":[{"@type":"WebPage","@id":"https:\/\/evianeo.befikry.com\/en\/a-propos\/","url":"https:\/\/evianeo.befikry.com\/en\/a-propos\/","name":"\u00c0 propos - ENGIE Vianeo","isPartOf":{"@id":"https:\/\/evianeo.befikry.com\/en\/#website"},"primaryImageOfPage":{"@id":"https:\/\/evianeo.befikry.com\/en\/a-propos\/#primaryimage"},"image":{"@id":"https:\/\/evianeo.befikry.com\/en\/a-propos\/#primaryimage"},"thumbnailUrl":"https:\/\/evianeo.befikry.com\/wp-content\/uploads\/2025\/11\/easy-finger-snap.svg","datePublished":"2025-11-03T14:55:32+00:00","dateModified":"2025-11-26T12:32:07+00:00","breadcrumb":{"@id":"https:\/\/evianeo.befikry.com\/en\/a-propos\/#breadcrumb"},"inLanguage":"en-US","potentialAction":[{"@type":"ReadAction","target":["https:\/\/evianeo.befikry.com\/en\/a-propos\/"]}]},{"@type":"ImageObject","inLanguage":"en-US","@id":"https:\/\/evianeo.befikry.com\/en\/a-propos\/#primaryimage","url":"https:\/\/evianeo.befikry.com\/wp-content\/uploads\/2025\/11\/easy-finger-snap.svg","contentUrl":"https:\/\/evianeo.befikry.com\/wp-content\/uploads\/2025\/11\/easy-finger-snap.svg"},{"@type":"BreadcrumbList","@id":"https:\/\/evianeo.befikry.com\/en\/a-propos\/#breadcrumb","itemListElement":[{"@type":"ListItem","position":1,"name":"home","item":"https:\/\/evianeo.befikry.com\/en\/"},{"@type":"ListItem","position":2,"name":"\u00c0 propos"}]},{"@type":"WebSite","@id":"https:\/\/evianeo.befikry.com\/en\/#website","url":"https:\/\/evianeo.befikry.com\/en\/","name":"ENGIE Vianeo","description":"L\u2019\u00e9nergie est notre avenir, \u00e9conomisons-la.","publisher":{"@id":"https:\/\/evianeo.befikry.com\/en\/#organization"},"potentialAction":[{"@type":"SearchAction","target":{"@type":"EntryPoint","urlTemplate":"https:\/\/evianeo.befikry.com\/en\/?s={search_term_string}"},"query-input":{"@type":"PropertyValueSpecification","valueRequired":true,"valueName":"search_term_string"}}],"inLanguage":"en-US"},{"@type":"Organization","@id":"https:\/\/evianeo.befikry.com\/en\/#organization","name":"ENGIE Vianeo","url":"https:\/\/evianeo.befikry.com\/en\/","logo":{"@type":"ImageObject","inLanguage":"en-US","@id":"https:\/\/evianeo.befikry.com\/en\/#\/schema\/logo\/image\/","url":"https:\/\/www.engie-vianeo.com\/wp-content\/uploads\/2023\/05\/logo-engie-vianeo.svg","contentUrl":"https:\/\/www.engie-vianeo.com\/wp-content\/uploads\/2023\/05\/logo-engie-vianeo.svg","width":1,"height":1,"caption":"ENGIE Vianeo"},"image":{"@id":"https:\/\/evianeo.befikry.com\/en\/#\/schema\/logo\/image\/"},"sameAs":["https:\/\/www.facebook.com\/ENGIEvianeo","https:\/\/x.com\/ENGIEvianeo"]}]}},"_links":{"self":[{"href":"https:\/\/evianeo.befikry.com\/en\/wp-json\/wp\/v2\/pages\/7978","targetHints":{"allow":["GET"]}}],"collection":[{"href":"https:\/\/evianeo.befikry.com\/en\/wp-json\/wp\/v2\/pages"}],"about":[{"href":"https:\/\/evianeo.befikry.com\/en\/wp-json\/wp\/v2\/types\/page"}],"author":[{"embeddable":true,"href":"https:\/\/evianeo.befikry.com\/en\/wp-json\/wp\/v2\/users\/22"}],"replies":[{"embeddable":true,"href":"https:\/\/evianeo.befikry.com\/en\/wp-json\/wp\/v2\/comments?post=7978"}],"version-history":[{"count":2,"href":"https:\/\/evianeo.befikry.com\/en\/wp-json\/wp\/v2\/pages\/7978\/revisions"}],"predecessor-version":[{"id":8058,"href":"https:\/\/evianeo.befikry.com\/en\/wp-json\/wp\/v2\/pages\/7978\/revisions\/8058"}],"wp:attachment":[{"href":"https:\/\/evianeo.befikry.com\/en\/wp-json\/wp\/v2\/media?parent=7978"}],"curies":[{"name":"wp","href":"https:\/\/api.w.org\/{rel}","templated":true}]}}