{"id":7982,"date":"2025-11-01T13:30:41","date_gmt":"2025-11-01T13:30:41","guid":{"rendered":"https:\/\/engie-vianeo-dev.noprod.db-vianeo.com\/no-tarifs\/"},"modified":"2025-11-26T12:29:17","modified_gmt":"2025-11-26T12:29:17","slug":"no-tarifs","status":"publish","type":"page","link":"https:\/\/evianeo.befikry.com\/en\/no-tarifs\/","title":{"rendered":"Our prices"},"content":{"rendered":"\n\n<section class=\"hero_header_style_1 wp-block-engie-hero-header\"\n\t\t\tstyle=\"background:linear-gradient(#232D3580, #232D3580),url(https:\/\/evianeo.befikry.com\/wp-content\/uploads\/2025\/11\/no-tarifs-cover.jpg) center no-repeat; background-size:cover;\"\n\t\n>\n\t<div class=\"container\">\n\t\t<div class=\"hero-header-inner\">\t\n\t\t\t<div class=\"hero-header-content\">\n\t\t\t\t\t\t\t\t\t<h1 class=\"hero-header-title\"> Des prix transparents<\/h1>\n\t\t\t\t\t<p class=\"hero-header-desc\">Rechargez en toute s\u00e9r\u00e9nit\u00e9 gr\u00e2ce \u00e0 une exp\u00e9rience de recharge simple, des prix transparents et une \u00e9lectricit\u00e9 100% verte !<\/p>\t\t\t<\/div>\n\t\t<\/div>\n\t<\/div>\n\n<\/section>\n\n<section class=\"desktop-xxl_height tablet-xs_height mobile-xs_height wp-block-engie-block-blank-dividers\">\n\t\n<\/section>\n\n\n<section class=\"style-right background-white wp-block-engie-block-cta-main\">\n    \n    <div class=\"block-cta-main-left\">\n        <div class=\"block-cta-content\">\n            <div class=\"title-round-icon\">\n                                <div class=\"block-cta-title\">\n                    <h2 class=\"title-cta-block\">Des tarifs clairement affich\u00e9s<\/h2>                <\/div>\n            <\/div>\n\n            <p class=\"block-cta-desc\">Sur nos totems, en station ou sur les \u00e9crans de nos bornes, nous affichons clairement nos prix. Comme \u00e7a pas de surprise !<\/p>\n            <ul class=\"block-cta-buttons-list\">\n                            <\/ul>\n        <\/div>\n    <\/div>\n    \n    <div class=\"block-cta-main-right\">\n        <div class=\"block-cta-picture\"\n                            style=\"background:url(https:\/\/evianeo.befikry.com\/wp-content\/uploads\/2025\/11\/no-tarifs-side-image.jpg) no-repeat; background-size:cover;\"\n            >\n        <\/div>\n    <\/div>\n\n<\/section>\n\n<section class=\"desktop-xxl_height tablet-xs_height mobile-xs_height wp-block-engie-block-blank-dividers\">\n\t\n<\/section>\n\n\n<section class=\"style-left background-white wp-block-engie-block-cta-main\">\n    \n    <div class=\"block-cta-main-left\">\n        <div class=\"block-cta-content\">\n            <div class=\"title-round-icon\">\n                                <div class=\"block-cta-title\">\n                    <h2 class=\"title-cta-block\">Un suivi du prix en direct<\/h2>                <\/div>\n            <\/div>\n\n            <p class=\"block-cta-desc\">Suivez le prix de votre recharge en cours sur votre application mobile ou sur l\u2019\u00e9cran de la borne.<\/p>\n            <ul class=\"block-cta-buttons-list\">\n                            <\/ul>\n        <\/div>\n    <\/div>\n    \n    <div class=\"block-cta-main-right\">\n        <div class=\"block-cta-picture\"\n                            style=\"background:url(https:\/\/evianeo.befikry.com\/wp-content\/uploads\/2025\/11\/no-tarifs-side-image.jpg) no-repeat; background-size:cover;\"\n            >\n        <\/div>\n    <\/div>\n\n<\/section>\n\n<section class=\"desktop-xxl_height tablet-xs_height mobile-xs_height wp-block-engie-block-blank-dividers\">\n\t\n<\/section>\n\n<section class=\"section_titles_style_secondary wp-block-engie-section-titles\">\n\t<div class=\"container\">\n\t\t<h2 class=\"section_titles_title \">Les avantages de l\u2019application ENGIE Vianeo<\/h2 >\t\t\t<\/div>\n<\/section>\n\n\n\n<div class=\"wp-block-group container app-mobile-app is-layout-flex wp-block-group-is-layout-flex\">\n<div class=\"wp-block-group mobile-app-column is-vertical is-layout-flex wp-container-core-group-is-layout-fe9cc265 wp-block-group-is-layout-flex\"><section class=\"block_advantages block-one-element wp-block-engie-block-advantages\">\n\t<div class=\"container\">\n\t\t<div class=\"block-advantages-container\">\n\t\t\t\n\n\t<div class=\"block_advantage wp-block-engie-block-advantage\">\n\t\t\t<div class=\"title-icon limeapple pictograms icon-size-xs\"><img decoding=\"async\" src=\"\/wp-content\/plugins\/engie-blocks\/assets\/pictograms\/smartphone-mobile.svg\" alt=\"\" \/><\/div>\t\t\t\t<h3 class=\"block_advantage_title\"><strong><strong>Avec l&#8217;application<\/strong><\/strong><\/h3>\t\t\t\t\t\t\t\t\t<\/div>\n\n\t\t<\/div>\n\t<\/div>\n<\/section>\n\n\n\n<p class=\"has-pbvianeo-color has-text-color has-link-color wp-elements-318cec12220e7fd8f297a8862c3b151c\"><\/p>\n\n\n\n<p><img decoding=\"async\" src=\"\/wp-content\/uploads\/2024\/10\/check_circle.svg\"> Points et r\u00e9compenses de fid\u00e9lit\u00e9<\/p>\n\n\n\n<p><img decoding=\"async\" src=\"\/wp-content\/uploads\/2024\/10\/check_circle.svg\"> Historique de recharge et re\u00e7u de paiement<\/p>\n<\/div>\n\n\n\n<div class=\"wp-block-group mobile-app-column is-vertical is-layout-flex wp-container-core-group-is-layout-fe9cc265 wp-block-group-is-layout-flex\"><section class=\"block_advantages block-one-element wp-block-engie-block-advantages\">\n\t<div class=\"container\">\n\t\t<div class=\"block-advantages-container\">\n\t\t\t\n\n\t<div class=\"block_advantage wp-block-engie-block-advantage\">\n\t\t\t<div class=\"title-icon limeapple pictograms icon-size-xs\"><img decoding=\"async\" src=\"\/wp-content\/plugins\/engie-blocks\/assets\/pictograms\/carte-bancaire.svg\" alt=\"\" \/><\/div>\t\t\t\t<h3 class=\"block_advantage_title\"><strong>Avec une carte bancaire<\/strong><\/h3>\t\t\t\t\t\t\t\t\t<\/div>\n\n\t\t<\/div>\n\t<\/div>\n<\/section>\n\n\n\n<p><img decoding=\"async\" src=\"\/wp-content\/uploads\/2024\/10\/check_circle.svg\"> Tarif public ENGIE Vianeo<\/p>\n\n\n\n<p><img decoding=\"async\" src=\"\/wp-content\/uploads\/2024\/10\/cross_circle.svg\"> Points et r\u00e9compenses de fid\u00e9lit\u00e9<\/p>\n\n\n\n<p><img decoding=\"async\" src=\"\/wp-content\/uploads\/2024\/10\/cross_circle.svg\"> Historique de recharge et re\u00e7u de paiement<\/p>\n<\/div>\n\n\n\n<div class=\"wp-block-group mobile-app-column is-vertical is-layout-flex wp-container-core-group-is-layout-fe9cc265 wp-block-group-is-layout-flex\"><section class=\"block_advantages block-one-element wp-block-engie-block-advantages\">\n\t<div class=\"container\">\n\t\t<div class=\"block-advantages-container\">\n\t\t\t\n\n\t<div class=\"block_advantage wp-block-engie-block-advantage\">\n\t\t\t<div class=\"title-icon limeapple pictograms icon-size-xs\"><img decoding=\"async\" src=\"\/wp-content\/plugins\/engie-blocks\/assets\/pictograms\/smart-box-energie-eclair.svg\" alt=\"\" \/><\/div>\t\t\t\t<h3 class=\"block_advantage_title\"><strong><strong>Avec une carte de recharge<\/strong><\/strong><\/h3>\t\t\t\t\t\t\t\t\t<\/div>\n\n\t\t<\/div>\n\t<\/div>\n<\/section>\n\n\n\n<p><img decoding=\"async\" src=\"\/wp-content\/uploads\/2024\/10\/cross_circle.svg\"> Tarif variable selon votre fournisseur de carte de recharge<\/p>\n\n\n\n<p><img decoding=\"async\" src=\"\/wp-content\/uploads\/2024\/10\/cross_circle.svg\"> Points et r\u00e9compenses de fid\u00e9lit\u00e9<\/p>\n\n\n\n<p><img decoding=\"async\" src=\"\/wp-content\/uploads\/2024\/10\/cross_circle.svg\"> Historique de recharge et re\u00e7u de paiement<\/p>\n<\/div>\n<\/div>\n\n\n<section class=\"desktop-xxl_height tablet-xs_height mobile-xs_height wp-block-engie-block-blank-dividers\">\n\t\n<\/section>\n\n\n<div class=\"wp-block-columns container line-height-para is-layout-flex wp-container-core-columns-is-layout-4a938530 wp-block-columns-is-layout-flex\">\n<div class=\"wp-block-column is-layout-flow wp-block-column-is-layout-flow\">\n<figure class=\"wp-block-image size-full\"><img loading=\"lazy\" decoding=\"async\" width=\"509\" height=\"339\" src=\"https:\/\/evianeo.befikry.com\/wp-content\/uploads\/2025\/11\/hand-iPhone-16-pro.jpg\" alt=\"\" class=\"wp-image-7506\" srcset=\"https:\/\/evianeo.befikry.com\/wp-content\/uploads\/2025\/11\/hand-iPhone-16-pro.jpg 509w, https:\/\/evianeo.befikry.com\/wp-content\/uploads\/2025\/11\/hand-iPhone-16-pro-300x200.jpg 300w\" sizes=\"auto, (max-width: 509px) 100vw, 509px\" \/><\/figure>\n<\/div>\n\n\n\n<div class=\"wp-block-column is-vertically-aligned-center is-layout-flow wp-block-column-is-layout-flow\">\n<h3 class=\"wp-block-heading has-custom-heading-color has-text-color has-link-color wp-elements-72e8b67336f9f8f804bdb83f3d12296e\" style=\"padding-bottom:16px;font-size:clamp(24.034px, 1.502rem + ((1vw - 3.2px) * 1.814), 40px);\">Retrouvez tous nos tarifs dans l\u2019application<\/h3>\n\n\n\n<p class=\"has-custom-secondary-color has-text-color has-link-color wp-elements-ee7292760668f38662eaac24e06c8d8c\" style=\"font-size:clamp(14px, 0.875rem + ((1vw - 3.2px) * 0.682), 20px);\">T\u00e9l\u00e9chargez&nbsp;<a href=\"https:\/\/evianeo.befikry.com\/application-mobile\/\">l\u2019application ENGIE Vianeo&nbsp;<\/a>et s\u00e9lectionnez une station sur la carte pour consulter les tarifs.<\/p>\n<\/div>\n<\/div>\n\n\n<section class=\"desktop-xxl_height tablet-xs_height mobile-xs_height wp-block-engie-block-blank-dividers\">\n\t\n<\/section>\n\n\n<div class=\"wp-block-columns container line-height-para is-layout-flex wp-container-core-columns-is-layout-4a938530 wp-block-columns-is-layout-flex\">\n<div class=\"wp-block-column is-layout-flow wp-block-column-is-layout-flow\">\n<figure class=\"wp-block-image size-full\"><img loading=\"lazy\" decoding=\"async\" width=\"509\" height=\"339\" src=\"https:\/\/evianeo.befikry.com\/wp-content\/uploads\/2025\/11\/gettyimages.jpg\" alt=\"\" class=\"wp-image-7511\" srcset=\"https:\/\/evianeo.befikry.com\/wp-content\/uploads\/2025\/11\/gettyimages.jpg 509w, https:\/\/evianeo.befikry.com\/wp-content\/uploads\/2025\/11\/gettyimages-300x200.jpg 300w\" sizes=\"auto, (max-width: 509px) 100vw, 509px\" \/><\/figure>\n<\/div>\n\n\n\n<div class=\"wp-block-column is-vertically-aligned-center is-layout-flow wp-block-column-is-layout-flow\">\n<h3 class=\"wp-block-heading has-custom-heading-color has-text-color has-link-color wp-elements-3a6d795737cdbd5abd51bd62c03d6052\" style=\"padding-bottom:16px;font-size:clamp(24.034px, 1.502rem + ((1vw - 3.2px) * 1.814), 40px);\">Payez le juste prix<\/h3>\n\n\n\n<p class=\"has-custom-secondary-color has-text-color has-link-color wp-elements-a4c15cde80d126f293cb721fd098f168\" style=\"font-size:clamp(14px, 0.875rem + ((1vw - 3.2px) * 0.682), 20px);\">R\u00e9glez vos recharges par carte bancaire ou avec&nbsp;<a href=\"https:\/\/evianeo.befikry.com\/application-mobile\/\">l\u2019application ENGIE Vianeo&nbsp;<\/a>(disponible actuellement uniquement en France) afin de b\u00e9n\u00e9ficier du tarif affich\u00e9. Le paiement par carte de recharge RFID est g\u00e9n\u00e9ralement plus cher.<\/p>\n<\/div>\n<\/div>\n\n\n<section class=\"desktop-xxl_height tablet-xs_height mobile-xs_height wp-block-engie-block-blank-dividers\">\n\t\n<\/section>\n\n\n<div class=\"wp-block-columns container line-height-para is-layout-flex wp-container-core-columns-is-layout-4a938530 wp-block-columns-is-layout-flex\">\n<div class=\"wp-block-column is-layout-flow wp-block-column-is-layout-flow\">\n<figure class=\"wp-block-image size-full\"><img loading=\"lazy\" decoding=\"async\" width=\"509\" height=\"339\" src=\"https:\/\/evianeo.befikry.com\/wp-content\/uploads\/2025\/11\/charging-cards.jpg\" alt=\"\" class=\"wp-image-8003\" srcset=\"https:\/\/evianeo.befikry.com\/wp-content\/uploads\/2025\/11\/charging-cards.jpg 509w, https:\/\/evianeo.befikry.com\/wp-content\/uploads\/2025\/11\/charging-cards-300x200.jpg 300w\" sizes=\"auto, (max-width: 509px) 100vw, 509px\" \/><\/figure>\n<\/div>\n\n\n\n<div class=\"wp-block-column is-vertically-aligned-center is-layout-flow wp-block-column-is-layout-flow\">\n<h3 class=\"wp-block-heading has-custom-heading-color has-text-color has-link-color wp-elements-3fc57d1a0800fe1f5f0d17d206a6318e\" style=\"padding-bottom:16px;font-size:clamp(24.034px, 1.502rem + ((1vw - 3.2px) * 1.814), 40px);\">Attention aux surprises avec les cartes de recharge<\/h3>\n\n\n\n<p class=\"has-custom-secondary-color has-text-color has-link-color wp-elements-b544606cdb9f1379e809b41bb381b9ab\" style=\"font-size:clamp(14px, 0.875rem + ((1vw - 3.2px) * 0.682), 20px);\">Les fournisseurs de cartes de recharge vous facturent un tarif potentiellement diff\u00e9rent de celui affich\u00e9 en station. Afin d\u2019\u00e9viter les mauvaises surprises, nous vous recommandons de toujours v\u00e9rifier le tarif appliqu\u00e9 par votre fournisseur de carte avant de l\u2019utiliser.<\/p>\n<\/div>\n<\/div>\n\n\n<section class=\"desktop-xxl_height tablet-xs_height mobile-xs_height wp-block-engie-block-blank-dividers\">\n\t\n<\/section>\n\n\n<div class=\"wp-block-group alignfull has-ultramarine-900-background-color has-background has-global-padding is-layout-constrained wp-container-core-group-is-layout-db32e940 wp-block-group-is-layout-constrained\" id=\"need-receipt\" style=\"padding-top:var(--wp--preset--spacing--60);padding-right:var(--wp--preset--spacing--60);padding-bottom:var(--wp--preset--spacing--60);padding-left:var(--wp--preset--spacing--60)\">\n<div class=\"wp-block-columns container is-layout-flex wp-container-core-columns-is-layout-28f84493 wp-block-columns-is-layout-flex\">\n<div class=\"wp-block-column  order1 is-layout-flow wp-block-column-is-layout-flow\">\n<h2 class=\"wp-block-heading has-grey-0-color has-text-color has-link-color wp-elements-071655336239e436aacecc0447cf9931\" style=\"margin-bottom:var(--wp--preset--spacing--30)\">Besoin d\u2019un re\u00e7u ?<\/h2>\n\n\n\n<p class=\"has-grey-0-color has-text-color has-link-color wp-elements-97ea7f1f4a7fd2da6eb5621b85fc5810\">Retrouvez vos re\u00e7us de recharge dans<a href=\"https:\/\/evianeo.befikry.com\/application-mobile\/\"> l\u2019application ENGIE Vianeo<\/a> (disponible actuellement uniquement en France) ou utilisez notre <a href=\"\/contacter\">formulaire de contact<\/a> si vous avez pay\u00e9 en carte bancaire.<\/p>\n<\/div>\n\n\n\n<div class=\"wp-block-column is-vertically-aligned-top order2 is-layout-flow wp-block-column-is-layout-flow\">\n<figure class=\"wp-block-image size-full\"><img decoding=\"async\" src=\"https:\/\/evianeo.befikry.com\/wp-content\/uploads\/2025\/11\/surlaroute.svg\" alt=\"\" class=\"wp-image-8006\"\/><\/figure>\n<\/div>\n<\/div>\n<\/div>\n","protected":false},"excerpt":{"rendered":"<p>Points et r\u00e9compenses de fid\u00e9lit\u00e9 Historique de recharge et re\u00e7u de paiement Tarif public ENGIE Vianeo Points et r\u00e9compenses de fid\u00e9lit\u00e9 Historique de recharge et re\u00e7u de paiement Tarif variable selon votre fournisseur de carte de recharge Points et r\u00e9compenses de fid\u00e9lit\u00e9 Historique de recharge et re\u00e7u de paiement Retrouvez tous nos tarifs dans l\u2019application [&hellip;]<\/p>\n","protected":false},"author":22,"featured_media":0,"parent":0,"menu_order":0,"comment_status":"closed","ping_status":"closed","template":"","meta":{"_acf_changed":false,"footnotes":""},"class_list":["post-7982","page","type-page","status-publish","hentry"],"acf":[],"yoast_head":"<!-- This site is optimized with the Yoast SEO plugin v26.2 - https:\/\/yoast.com\/wordpress\/plugins\/seo\/ -->\n<title>Our prices - ENGIE Vianeo<\/title>\n<meta name=\"robots\" content=\"noindex, follow, max-snippet:-1, max-image-preview:large, max-video-preview:-1\" \/>\n<meta property=\"og:locale\" content=\"en_US\" \/>\n<meta property=\"og:type\" content=\"article\" \/>\n<meta property=\"og:title\" content=\"Our prices - ENGIE Vianeo\" \/>\n<meta property=\"og:description\" content=\"Points et r\u00e9compenses de fid\u00e9lit\u00e9 Historique de recharge et re\u00e7u de paiement Tarif public ENGIE Vianeo Points et r\u00e9compenses de fid\u00e9lit\u00e9 Historique de recharge et re\u00e7u de paiement Tarif variable selon votre fournisseur de carte de recharge Points et r\u00e9compenses de fid\u00e9lit\u00e9 Historique de recharge et re\u00e7u de paiement Retrouvez tous nos tarifs dans l\u2019application [&hellip;]\" \/>\n<meta property=\"og:url\" content=\"https:\/\/evianeo.befikry.com\/en\/no-tarifs\/\" \/>\n<meta property=\"og:site_name\" content=\"ENGIE Vianeo\" \/>\n<meta property=\"article:publisher\" content=\"https:\/\/www.facebook.com\/ENGIEvianeo\" \/>\n<meta property=\"article:modified_time\" content=\"2025-11-26T12:29:17+00:00\" \/>\n<meta property=\"og:image\" content=\"https:\/\/evianeo.befikry.com\/wp-content\/uploads\/2025\/11\/hand-iPhone-16-pro.jpg\" \/>\n<meta name=\"twitter:card\" content=\"summary_large_image\" \/>\n<meta name=\"twitter:site\" content=\"@ENGIEvianeo\" \/>\n<meta name=\"twitter:label1\" content=\"Est. reading time\" \/>\n\t<meta name=\"twitter:data1\" content=\"4 minutes\" \/>\n<script type=\"application\/ld+json\" class=\"yoast-schema-graph\">{\"@context\":\"https:\/\/schema.org\",\"@graph\":[{\"@type\":\"WebPage\",\"@id\":\"https:\/\/evianeo.befikry.com\/en\/no-tarifs\/\",\"url\":\"https:\/\/evianeo.befikry.com\/en\/no-tarifs\/\",\"name\":\"Our prices - ENGIE Vianeo\",\"isPartOf\":{\"@id\":\"https:\/\/evianeo.befikry.com\/en\/#website\"},\"primaryImageOfPage\":{\"@id\":\"https:\/\/evianeo.befikry.com\/en\/no-tarifs\/#primaryimage\"},\"image\":{\"@id\":\"https:\/\/evianeo.befikry.com\/en\/no-tarifs\/#primaryimage\"},\"thumbnailUrl\":\"https:\/\/evianeo.befikry.com\/wp-content\/uploads\/2025\/11\/hand-iPhone-16-pro.jpg\",\"datePublished\":\"2025-11-01T13:30:41+00:00\",\"dateModified\":\"2025-11-26T12:29:17+00:00\",\"breadcrumb\":{\"@id\":\"https:\/\/evianeo.befikry.com\/en\/no-tarifs\/#breadcrumb\"},\"inLanguage\":\"en-US\",\"potentialAction\":[{\"@type\":\"ReadAction\",\"target\":[\"https:\/\/evianeo.befikry.com\/en\/no-tarifs\/\"]}]},{\"@type\":\"ImageObject\",\"inLanguage\":\"en-US\",\"@id\":\"https:\/\/evianeo.befikry.com\/en\/no-tarifs\/#primaryimage\",\"url\":\"https:\/\/evianeo.befikry.com\/wp-content\/uploads\/2025\/11\/hand-iPhone-16-pro.jpg\",\"contentUrl\":\"https:\/\/evianeo.befikry.com\/wp-content\/uploads\/2025\/11\/hand-iPhone-16-pro.jpg\"},{\"@type\":\"BreadcrumbList\",\"@id\":\"https:\/\/evianeo.befikry.com\/en\/no-tarifs\/#breadcrumb\",\"itemListElement\":[{\"@type\":\"ListItem\",\"position\":1,\"name\":\"home\",\"item\":\"https:\/\/evianeo.befikry.com\/en\/\"},{\"@type\":\"ListItem\",\"position\":2,\"name\":\"Our prices\"}]},{\"@type\":\"WebSite\",\"@id\":\"https:\/\/evianeo.befikry.com\/en\/#website\",\"url\":\"https:\/\/evianeo.befikry.com\/en\/\",\"name\":\"ENGIE Vianeo\",\"description\":\"L\u2019\u00e9nergie est notre avenir, \u00e9conomisons-la.\",\"publisher\":{\"@id\":\"https:\/\/evianeo.befikry.com\/en\/#organization\"},\"potentialAction\":[{\"@type\":\"SearchAction\",\"target\":{\"@type\":\"EntryPoint\",\"urlTemplate\":\"https:\/\/evianeo.befikry.com\/en\/?s={search_term_string}\"},\"query-input\":{\"@type\":\"PropertyValueSpecification\",\"valueRequired\":true,\"valueName\":\"search_term_string\"}}],\"inLanguage\":\"en-US\"},{\"@type\":\"Organization\",\"@id\":\"https:\/\/evianeo.befikry.com\/en\/#organization\",\"name\":\"ENGIE Vianeo\",\"url\":\"https:\/\/evianeo.befikry.com\/en\/\",\"logo\":{\"@type\":\"ImageObject\",\"inLanguage\":\"en-US\",\"@id\":\"https:\/\/evianeo.befikry.com\/en\/#\/schema\/logo\/image\/\",\"url\":\"https:\/\/www.engie-vianeo.com\/wp-content\/uploads\/2023\/05\/logo-engie-vianeo.svg\",\"contentUrl\":\"https:\/\/www.engie-vianeo.com\/wp-content\/uploads\/2023\/05\/logo-engie-vianeo.svg\",\"width\":1,\"height\":1,\"caption\":\"ENGIE Vianeo\"},\"image\":{\"@id\":\"https:\/\/evianeo.befikry.com\/en\/#\/schema\/logo\/image\/\"},\"sameAs\":[\"https:\/\/www.facebook.com\/ENGIEvianeo\",\"https:\/\/x.com\/ENGIEvianeo\"]}]}<\/script>\n<!-- \/ Yoast SEO plugin. -->","yoast_head_json":{"title":"Our prices - ENGIE Vianeo","robots":{"index":"noindex","follow":"follow","max-snippet":"max-snippet:-1","max-image-preview":"max-image-preview:large","max-video-preview":"max-video-preview:-1"},"og_locale":"en_US","og_type":"article","og_title":"Our prices - ENGIE Vianeo","og_description":"Points et r\u00e9compenses de fid\u00e9lit\u00e9 Historique de recharge et re\u00e7u de paiement Tarif public ENGIE Vianeo Points et r\u00e9compenses de fid\u00e9lit\u00e9 Historique de recharge et re\u00e7u de paiement Tarif variable selon votre fournisseur de carte de recharge Points et r\u00e9compenses de fid\u00e9lit\u00e9 Historique de recharge et re\u00e7u de paiement Retrouvez tous nos tarifs dans l\u2019application [&hellip;]","og_url":"https:\/\/evianeo.befikry.com\/en\/no-tarifs\/","og_site_name":"ENGIE Vianeo","article_publisher":"https:\/\/www.facebook.com\/ENGIEvianeo","article_modified_time":"2025-11-26T12:29:17+00:00","og_image":[{"url":"https:\/\/evianeo.befikry.com\/wp-content\/uploads\/2025\/11\/hand-iPhone-16-pro.jpg","type":"","width":"","height":""}],"twitter_card":"summary_large_image","twitter_site":"@ENGIEvianeo","twitter_misc":{"Est. reading time":"4 minutes"},"schema":{"@context":"https:\/\/schema.org","@graph":[{"@type":"WebPage","@id":"https:\/\/evianeo.befikry.com\/en\/no-tarifs\/","url":"https:\/\/evianeo.befikry.com\/en\/no-tarifs\/","name":"Our prices - ENGIE Vianeo","isPartOf":{"@id":"https:\/\/evianeo.befikry.com\/en\/#website"},"primaryImageOfPage":{"@id":"https:\/\/evianeo.befikry.com\/en\/no-tarifs\/#primaryimage"},"image":{"@id":"https:\/\/evianeo.befikry.com\/en\/no-tarifs\/#primaryimage"},"thumbnailUrl":"https:\/\/evianeo.befikry.com\/wp-content\/uploads\/2025\/11\/hand-iPhone-16-pro.jpg","datePublished":"2025-11-01T13:30:41+00:00","dateModified":"2025-11-26T12:29:17+00:00","breadcrumb":{"@id":"https:\/\/evianeo.befikry.com\/en\/no-tarifs\/#breadcrumb"},"inLanguage":"en-US","potentialAction":[{"@type":"ReadAction","target":["https:\/\/evianeo.befikry.com\/en\/no-tarifs\/"]}]},{"@type":"ImageObject","inLanguage":"en-US","@id":"https:\/\/evianeo.befikry.com\/en\/no-tarifs\/#primaryimage","url":"https:\/\/evianeo.befikry.com\/wp-content\/uploads\/2025\/11\/hand-iPhone-16-pro.jpg","contentUrl":"https:\/\/evianeo.befikry.com\/wp-content\/uploads\/2025\/11\/hand-iPhone-16-pro.jpg"},{"@type":"BreadcrumbList","@id":"https:\/\/evianeo.befikry.com\/en\/no-tarifs\/#breadcrumb","itemListElement":[{"@type":"ListItem","position":1,"name":"home","item":"https:\/\/evianeo.befikry.com\/en\/"},{"@type":"ListItem","position":2,"name":"Our prices"}]},{"@type":"WebSite","@id":"https:\/\/evianeo.befikry.com\/en\/#website","url":"https:\/\/evianeo.befikry.com\/en\/","name":"ENGIE Vianeo","description":"L\u2019\u00e9nergie est notre avenir, \u00e9conomisons-la.","publisher":{"@id":"https:\/\/evianeo.befikry.com\/en\/#organization"},"potentialAction":[{"@type":"SearchAction","target":{"@type":"EntryPoint","urlTemplate":"https:\/\/evianeo.befikry.com\/en\/?s={search_term_string}"},"query-input":{"@type":"PropertyValueSpecification","valueRequired":true,"valueName":"search_term_string"}}],"inLanguage":"en-US"},{"@type":"Organization","@id":"https:\/\/evianeo.befikry.com\/en\/#organization","name":"ENGIE Vianeo","url":"https:\/\/evianeo.befikry.com\/en\/","logo":{"@type":"ImageObject","inLanguage":"en-US","@id":"https:\/\/evianeo.befikry.com\/en\/#\/schema\/logo\/image\/","url":"https:\/\/www.engie-vianeo.com\/wp-content\/uploads\/2023\/05\/logo-engie-vianeo.svg","contentUrl":"https:\/\/www.engie-vianeo.com\/wp-content\/uploads\/2023\/05\/logo-engie-vianeo.svg","width":1,"height":1,"caption":"ENGIE Vianeo"},"image":{"@id":"https:\/\/evianeo.befikry.com\/en\/#\/schema\/logo\/image\/"},"sameAs":["https:\/\/www.facebook.com\/ENGIEvianeo","https:\/\/x.com\/ENGIEvianeo"]}]}},"_links":{"self":[{"href":"https:\/\/evianeo.befikry.com\/en\/wp-json\/wp\/v2\/pages\/7982","targetHints":{"allow":["GET"]}}],"collection":[{"href":"https:\/\/evianeo.befikry.com\/en\/wp-json\/wp\/v2\/pages"}],"about":[{"href":"https:\/\/evianeo.befikry.com\/en\/wp-json\/wp\/v2\/types\/page"}],"author":[{"embeddable":true,"href":"https:\/\/evianeo.befikry.com\/en\/wp-json\/wp\/v2\/users\/22"}],"replies":[{"embeddable":true,"href":"https:\/\/evianeo.befikry.com\/en\/wp-json\/wp\/v2\/comments?post=7982"}],"version-history":[{"count":5,"href":"https:\/\/evianeo.befikry.com\/en\/wp-json\/wp\/v2\/pages\/7982\/revisions"}],"predecessor-version":[{"id":8055,"href":"https:\/\/evianeo.befikry.com\/en\/wp-json\/wp\/v2\/pages\/7982\/revisions\/8055"}],"wp:attachment":[{"href":"https:\/\/evianeo.befikry.com\/en\/wp-json\/wp\/v2\/media?parent=7982"}],"curies":[{"name":"wp","href":"https:\/\/api.w.org\/{rel}","templated":true}]}}