{"id":7986,"date":"2025-10-31T19:25:22","date_gmt":"2025-10-31T19:25:22","guid":{"rendered":"https:\/\/engie-vianeo-dev.noprod.db-vianeo.com\/la-recharge\/"},"modified":"2025-11-24T13:24:06","modified_gmt":"2025-11-24T13:24:06","slug":"la-recharge","status":"publish","type":"page","link":"https:\/\/evianeo.befikry.com\/en\/la-recharge\/","title":{"rendered":"Recharge"},"content":{"rendered":"\n\n<section class=\"hero_header_style_1 wp-block-engie-hero-header\"\n\t\t\tstyle=\"background:linear-gradient(#232D3580, #232D3580),url(https:\/\/evianeo.befikry.com\/wp-content\/uploads\/2025\/11\/recharge-cover-img.jpg) center no-repeat; background-size:cover;\"\n\t\n>\n\t<div class=\"container\">\n\t\t<div class=\"hero-header-inner\">\t\n\t\t\t<div class=\"hero-header-content\">\n\t\t\t\t\t\t\t\t\t<h1 class=\"hero-header-title\"> Recharge<\/h1>\n\t\t\t\t\t<p class=\"hero-header-desc\">Rechargez en toute s\u00e9r\u00e9nit\u00e9 gr\u00e2ce \u00e0 une exp\u00e9rience de recharge simple, des prix transparents et une \u00e9lectricit\u00e9 100% verte !<\/p>\t\t\t<\/div>\n\t\t<\/div>\n\t<\/div>\n\n<\/section>\n\n<section class=\"desktop-xxl_height tablet-xs_height mobile-xs_height wp-block-engie-block-blank-dividers\">\n\t\n<\/section>\n\n\n<section class=\"style-right background-white wp-block-engie-block-cta-main\">\n    \n    <div class=\"block-cta-main-left\">\n        <div class=\"block-cta-content\">\n            <div class=\"title-round-icon\">\n                                <div class=\"block-cta-title\">\n                    <h2 class=\"title-cta-block\">Simple comme bonjour<\/h2>                <\/div>\n            <\/div>\n\n            <p class=\"block-cta-desc\">Utilisez simplement votre carte bancaire, notre application mobile ou encore une carte de recharge et branchez votre v\u00e9hicule !<\/p>\n            <ul class=\"block-cta-buttons-list\">\n                            <\/ul>\n        <\/div>\n    <\/div>\n    \n    <div class=\"block-cta-main-right\">\n        <div class=\"block-cta-picture\"\n                            style=\"background:url(https:\/\/evianeo.befikry.com\/wp-content\/uploads\/2025\/10\/ete-serein.jpg) no-repeat; background-size:cover;\"\n            >\n        <\/div>\n    <\/div>\n\n<\/section>\n\n<section class=\"desktop-xxl_height tablet-xs_height mobile-xs_height wp-block-engie-block-blank-dividers\">\n\t\n<\/section>\n\n\n<section class=\"style-left background-white wp-block-engie-block-cta-main\">\n    \n    <div class=\"block-cta-main-left\">\n        <div class=\"block-cta-content\">\n            <div class=\"title-round-icon\">\n                                <div class=\"block-cta-title\">\n                    <h2 class=\"title-cta-block\">Transparent prices<br><\/h2>                <\/div>\n            <\/div>\n\n            <p class=\"block-cta-desc\">On our totems, in the station or on the screens of our terminals, we clearly display our prices on all our stations. Like that no surprise!<\/p>\n            <ul class=\"block-cta-buttons-list\">\n                            <\/ul>\n        <\/div>\n    <\/div>\n    \n    <div class=\"block-cta-main-right\">\n        <div class=\"block-cta-picture\"\n                            style=\"background:url(https:\/\/evianeo.befikry.com\/wp-content\/uploads\/2025\/10\/transparent-prices.jpg) no-repeat; background-size:cover;\"\n            >\n        <\/div>\n    <\/div>\n\n<\/section>\n\n<section class=\"desktop-xxl_height tablet-xs_height mobile-xs_height wp-block-engie-block-blank-dividers\">\n\t\n<\/section>\n\n\n<div class=\"wp-block-group alignfull has-ultramarine-900-background-color has-background has-global-padding is-layout-constrained wp-container-core-group-is-layout-db32e940 wp-block-group-is-layout-constrained\" id=\"green-electricity\" style=\"padding-top:var(--wp--preset--spacing--60);padding-right:var(--wp--preset--spacing--60);padding-bottom:var(--wp--preset--spacing--60);padding-left:var(--wp--preset--spacing--60)\">\n<figure class=\"wp-block-image size-full\"><img decoding=\"async\" src=\"https:\/\/vianeo.befikry.com\/wp-content\/uploads\/2025\/09\/Green-electricity.svg\" alt=\"\" class=\"wp-image-3675\"\/><\/figure>\n\n\n\n<div class=\"wp-block-group has-global-padding is-layout-constrained wp-container-core-group-is-layout-c3ab9f61 wp-block-group-is-layout-constrained\" style=\"margin-bottom:0\">\n<h2 class=\"wp-block-heading has-text-align-center has-grey-0-color has-text-color has-link-color wp-elements-5862d742366ce63a8dc2957d41b52bac\">Une \u00e9lectricit\u00e9 verte <\/h2>\n\n\n\n<p class=\"has-text-align-center has-grey-0-color has-text-color has-link-color wp-elements-fb75f81a6ceb72cb81d9e1512f3d9394\" style=\"font-size:clamp(14px, 0.875rem + ((1vw - 3.2px) * 0.682), 20px);\">Pour la fourniture en \u00e9lectricit\u00e9 des bornes, ENGIE Vianeo ach\u00e8te l\u2019\u00e9quivalent de la quantit\u00e9 d\u2019\u00e9lectricit\u00e9 consomm\u00e9e en Garantie(s) d\u2019Origine \u00e9mises par les producteurs d\u2019\u00e9nergie renouvelable.<\/p>\n<\/div>\n<\/div>\n\n\n<section class=\"desktop-xxl_height tablet-xs_height mobile-xs_height wp-block-engie-block-blank-dividers\">\n\t\n<\/section>\n\n\n<section class=\"style-right background-white wp-block-engie-block-cta-main\">\n    \n    <div class=\"block-cta-main-left\">\n        <div class=\"block-cta-content\">\n            <div class=\"title-round-icon\">\n                                <div class=\"block-cta-title\">\n                    <h2 class=\"title-cta-block\">Rechargez en moins de 30min<\/h2>                <\/div>\n            <\/div>\n\n            <p class=\"block-cta-desc\">Rechargez votre v\u00e9hicule de 20% \u00e0 80% en moins de 30 minutes gr\u00e2ce \u00e0 nos bornes ultra-rapides jusqu\u2019\u00e0 400\u00a0kW. \u2028\u2028Bon \u00e0 savoir : La vitesse de recharge d\u00e9pends de la puissance accept\u00e9e par votre v\u00e9hicule et diminue lorsqu\u2019il fait froid ou que votre batterie est charg\u00e9e \u00e0 plus de 80%.<\/p>\n            <ul class=\"block-cta-buttons-list\">\n                            <\/ul>\n        <\/div>\n    <\/div>\n    \n    <div class=\"block-cta-main-right\">\n        <div class=\"block-cta-picture\"\n                            style=\"background:url(https:\/\/evianeo.befikry.com\/wp-content\/uploads\/2025\/10\/recharge-minutes.jpg) no-repeat; background-size:cover;\"\n            >\n        <\/div>\n    <\/div>\n\n<\/section>\n\n<section class=\"desktop-xxl_height tablet-xs_height mobile-xs_height wp-block-engie-block-blank-dividers\">\n\t\n<\/section>\n\n\n<section class=\"style-left background-white wp-block-engie-block-cta-main\">\n    \n    <div class=\"block-cta-main-left\">\n        <div class=\"block-cta-content\">\n            <div class=\"title-round-icon\">\n                                <div class=\"block-cta-title\">\n                    <h2 class=\"title-cta-block\">En quelques heures<\/h2>                <\/div>\n            <\/div>\n\n            <p class=\"block-cta-desc\">Profitez d\u2019une nuit ou d\u2019un long arr\u00eat pour recharger votre v\u00e9hicule en quelques heures sur une une borne lente, g\u00e9n\u00e9ralement moins ch\u00e8re que la recharge rapide. \u2028\u2028Pour les bornes lentes, vous devez vous munir d\u2019un c\u00e2ble Type\u00a02. La puissance en recharge lente d\u00e9pend \u00e9galement de la puissance accept\u00e9e par votre v\u00e9hicule.<\/p>\n            <ul class=\"block-cta-buttons-list\">\n                            <\/ul>\n        <\/div>\n    <\/div>\n    \n    <div class=\"block-cta-main-right\">\n        <div class=\"block-cta-picture\"\n                            style=\"background:url(https:\/\/evianeo.befikry.com\/wp-content\/uploads\/2025\/10\/recharge-hours.jpg) no-repeat; background-size:cover;\"\n            >\n        <\/div>\n    <\/div>\n\n<\/section>\n\n<section class=\"desktop-xxl_height tablet-xs_height mobile-xs_height wp-block-engie-block-blank-dividers\">\n\t\n<\/section>\n\n\n<section class=\"style-right background-white wp-block-engie-block-cta-main\">\n    \n    <div class=\"block-cta-main-left\">\n        <div class=\"block-cta-content\">\n            <div class=\"title-round-icon\">\n                                <div class=\"block-cta-title\">\n                    <h2 class=\"title-cta-block\">O\u00f9 trouver nos bornes ?<\/h2>                <\/div>\n            <\/div>\n\n            <p class=\"block-cta-desc\">Localisez nos 6 600 points de recharge en France et en Belgique et lancez la navigation vers la station de votre choix.<\/p>\n            <ul class=\"block-cta-buttons-list\">\n                <li><a class=\"nj-btn\" href=\"\/carte-borne-recharge-voiture-electrique\">Voir la carte des stations<\/a><\/li>            <\/ul>\n        <\/div>\n    <\/div>\n    \n    <div class=\"block-cta-main-right\">\n        <div class=\"block-cta-picture\"\n                            style=\"background:url(https:\/\/evianeo.befikry.com\/wp-content\/uploads\/2025\/10\/image-map-uberall.jpg) no-repeat; background-size:cover;\"\n            >\n        <\/div>\n    <\/div>\n\n<\/section>\n\n<section class=\"desktop-xxl_height tablet-xs_height mobile-xs_height wp-block-engie-block-blank-dividers\">\n\t\n<\/section>\n\n<section class=\"section_titles_style_secondary wp-block-engie-section-titles\">\n\t<div class=\"container\">\n\t\t<h2 class=\"section_titles_title \">Conseils pour recharger plus simplement<\/h2 >\t\t\t<\/div>\n<\/section>\n\n\n<section class=\"carrousel_color_white wp-block-engie-carrousel-articles\">\r\n\t<div class=\"container\">\r\n\t\t<div class=\"articles-section\">\r\n\t\t\t\t\t\t\t\t\t<div class=\"wp-block-engie-post-card\">\n<a href=\"https:\/\/evianeo.befikry.com\/en\/heatwaves-and-your-cars-range\/\">\n\n\t<div class=\"nj-card \">\n\t\t<div class=\"img-container\">\n\t\t\t<img decoding=\"async\" class=\"nj-card__img\" src=\"https:\/\/evianeo.befikry.com\/wp-content\/uploads\/2023\/07\/article-picture-3-2.webp\" alt=\"canicule-autnomie.webp\n\" \/>\n\t\t<\/div>\n\t\t<div class=\"nj-card__body\">\n\t\t\t<div class=\"mb-2\">\n\t\t\t\t\t\t\t\t<div class=\"nj-tag nj-tag--brand\"><span class=\"nj-tag__text\">Electric vehicle<\/span><\/div>\n\t\t\t\t\t\t\t\t<div class=\"nj-tag nj-tag--green\"><span class=\"nj-tag__text\">Tips &amp; Advices<\/span><\/div>\n\t\t\t\t\t\t\t<\/div>\n\t\t\t<h2 class=\"nj-card__title\">Heatwaves and your car\u2019s range: what you need to know<\/h2>\n\t\t\t<p>Heatwaves can have a significant impact on your electric car. High temperatures affect the battery\u2019s performance and accelerate aging. Any overheating can reduce its range and slow down the charging process. A good cooling system is therefore essential. We also recommend using air conditioning sparingly!<\/p>\n\t\t<\/div>\n\t<\/div>\n\t<\/a>\n<\/div>\n\t\t\t\t\t\t\t\t\t\t\t<div class=\"wp-block-engie-post-card\">\n<a href=\"https:\/\/evianeo.befikry.com\/en\/charging-your-car\/\">\n\n\t<div class=\"nj-card \">\n\t\t<div class=\"img-container\">\n\t\t\t<img decoding=\"async\" class=\"nj-card__img\" src=\"https:\/\/evianeo.befikry.com\/wp-content\/uploads\/2023\/07\/article-picture-2.webp\" alt=\"bons-gestes-recharge.webp\" \/>\n\t\t<\/div>\n\t\t<div class=\"nj-card__body\">\n\t\t\t<div class=\"mb-2\">\n\t\t\t\t\t\t\t\t<div class=\"nj-tag nj-tag--brand\"><span class=\"nj-tag__text\">Electric vehicle<\/span><\/div>\n\t\t\t\t\t\t\t\t<div class=\"nj-tag nj-tag--green\"><span class=\"nj-tag__text\">Tips &amp; Advices<\/span><\/div>\n\t\t\t\t\t\t\t<\/div>\n\t\t\t<h2 class=\"nj-card__title\">The right gestures to space out your car&#8217;s recharges<\/h2>\n\t\t\t<p>Charging your electric car is almost as easy as charging your smartphone. As long as you adopt the right gestures. What&#039;s the ideal recharging frequency? Is it a good idea to plug into a charging station every day? Our practical tips for taking better care of your vehicle&#039;s battery    <\/p>\n\t\t<\/div>\n\t<\/div>\n\t<\/a>\n<\/div>\n\t\t\t\t\t\t\t\t\t\t\t<div class=\"wp-block-engie-post-card\">\n<a href=\"https:\/\/evianeo.befikry.com\/en\/electric-cars-an-essential-part-of-the-energy-transition\/\">\n\n\t<div class=\"nj-card \">\n\t\t<div class=\"img-container\">\n\t\t\t<img decoding=\"async\" class=\"nj-card__img\" src=\"https:\/\/evianeo.befikry.com\/wp-content\/uploads\/2023\/10\/Sans-titre-1.webp\" alt=\"vehicule-electrique-transition.webp\" \/>\n\t\t<\/div>\n\t\t<div class=\"nj-card__body\">\n\t\t\t<div class=\"mb-2\">\n\t\t\t\t\t\t\t\t<div class=\"nj-tag nj-tag--brand\"><span class=\"nj-tag__text\">Electric vehicle<\/span><\/div>\n\t\t\t\t\t\t\t\t<div class=\"nj-tag nj-tag--green\"><span class=\"nj-tag__text\">Tips &amp; Advices<\/span><\/div>\n\t\t\t\t\t\t\t<\/div>\n\t\t\t<h2 class=\"nj-card__title\">The electric car, an ally in the energy transition<\/h2>\n\t\t\t<p>Global warming is accelerating. In France, the transport sector alone accounts for 31% of greenhouse gas emissions! It&#039;s also a major cause of pollution. The electric car therefore plays a key role in decarbonizing the vehicle fleet, improving air quality and achieving the target set at national level: zero net emissions by 2050.   <\/p>\n\t\t<\/div>\n\t<\/div>\n\t<\/a>\n<\/div>\n\t\t\t\t\t\t\t<\/div>\r\n\t<\/div>\r\n\t\t\t\t\r\n\t\t\t\r\n\t<a href=\"\r\n\t\t\/application-mobile\t\t\" class=\"nj-btn\">Voir tous les conseils<\/a>\r\n\r\n\t<\/section>\r\n\n\n<section class=\"desktop-xxl_height tablet-xs_height mobile-xs_height wp-block-engie-block-blank-dividers\">\n\t\n<\/section>\n\n\n\n<section class=\"block-cta-app-v2 wp-block-engie-block-cta-app-v2\">\n\t<div class=\"container\">\n\t\t<div class=\"block-cta-app-v2-inner\">\n\t\t\t<div class=\"block-cta-app-v2-content\">\n\n\t\t\t\t\n\n<div class=\"nj-modal fade\" id=\"qrcodeModal\" role=\"alertDialog\" aria-labelledby=\"qrcodeModalLabel\">\n  <div class=\"nj-modal__dialog\" role=\"document\">\n\t<div class=\"nj-modal__content\">\n\t  <div class=\"nj-modal__header\">\n\t\t<button type=\"button\" class=\"nj-icon-btn nj-icon-btn--lg nj-icon-btn--secondary nj-modal__close\" data-dismiss=\"modal\" aria-label=\"Close\">\n\t\t  <span aria-hidden=\"true\" class=\"nj-icon-btn__icon material-icons\">close<\/span>\n\t\t<\/button>\n\t  <\/div>\n\t  <div class=\"nj-modal__body\">\n\t\t<img decoding=\"async\" src=\"https:\/\/evianeo.befikry.com\/wp-content\/uploads\/2024\/10\/QR-code-new-popup.png\" alt=\"\">\n\t  <\/div>\n\t  <div class=\"nj-modal__footer\">\n\t\t<p>Scan the QR-Code to download the ENGIE Vianeo application<\/p>\n\t  <\/div>\n\t<\/div>\n  <\/div>\n<\/div>\n<section class=\"style-column-1 background-white testaaaaaa wp-block-engie-block-cta-text-only\">\n\n\t\t<div class=\"container\">\n\t\t<div class=\"block-cta-text-only style-column-1\">\n\t\t\t<div class=\"block-cta-text-only-content\">\n\t\t\t\t<h2 class=\"block-cta-text-only-title\">Avec l\u2019application ENGIE Vianeo,<br>Recharger, c\u2019est gagner ! *<\/h2><p class=\"block-cta-text-only-desc\">Lancez et suivez votre recharge avec l\u2019application ENGIE Vianeo et cumulez des points \u00e0 chaque recharge.<br><strong>Gagnez 5\u20ac de remise tous les 200 points cumul\u00e9s !<\/strong><br>* L\u2019application est actuellement uniquement disponible en France.<\/p>\t\t\t<\/div>\n\t\t\t<div class=\"block-cta-text-only-list-buttons\">\n\t\t\t\t<ul>\n\t\t\t\t\t\n\t\t\t\t\t\t\t\t\t<\/ul>\n\t\t\t<\/div>\n\t\t<\/div>\n\t<\/div>\n\t\n<\/section>\n\n\n\t\t\t\t<div class=\"block-cta-app-v2-app-icons\">\n\t\t\t\t\t<img decoding=\"async\" src=\"https:\/\/evianeo.befikry.com\/wp-content\/plugins\/engie-blocks\/assets\/img\/qr-code.svg\" class=\"block-cta-app-v2-qr-code mobile-hidden\" \/>\n\t\t\t\t\t<a href=\"https:\/\/engie-vianeo.go.link\/8SAGR\" target=\"_blank\" class=\"cta-app-button\">\n\t\t\t\t\t\t<img decoding=\"async\" src=\"https:\/\/evianeo.befikry.com\/wp-content\/plugins\/engie-blocks\/assets\/img\/app-store.svg\" class=\"block-cta-app-v2-app-icon\" \/>\n\t\t\t\t\t<\/a>\n\t\t\t\t\t<a href=\"https:\/\/engie-vianeo.go.link\/7zAqz\" target=\"_blank\" class=\"cta-app-button\">\n\t\t\t\t\t\t<img decoding=\"async\" src=\"https:\/\/evianeo.befikry.com\/wp-content\/plugins\/engie-blocks\/assets\/img\/google-store.svg\" class=\"block-cta-app-v2-app-icon\" \/>\n\t\t\t\t\t<\/a>\n\t\t\t\t<\/div>\n\n\t\t\t\t\t\t\t\t\t<div class=\"cta-app-button-container\">\n\t\t\t\t\t\t<a \n\t\t\t\t\t\t\tclass=\"nj-btn cta-app-button\" \n\t\t\t\t\t\t\thref=\"\/carte-borne-recharge-voiture-electrique\" \n\t\t\t\t\t\t\ttarget=\"_blank\" \n\t\t\t\t\t\t\trel=\"noopener noreferrer\"\n\t\t\t\t\t\t>\n\t\t\t\t\t\t\tEn savoir plus sur l\u2019application\t\t\t\t\t\t<\/a>\n\t\t\t\t\t<\/div>\n\t\t\t\t\n\t\t\t<\/div>\n\n\t\t\t<img decoding=\"async\" class=\"block-cta-app-v2-img\" src=\"https:\/\/evianeo.befikry.com\/wp-content\/plugins\/engie-blocks\/assets\/img\/app-illustration-v2-3.png\" alt=\"\" \/>\n\n\t\t<\/div>\n\t<\/div>\n<\/section>\n\n\n<section class=\"desktop-xxl_height tablet-xs_height mobile-xs_height wp-block-engie-block-blank-dividers\">\n\t\n<\/section>","protected":false},"excerpt":{"rendered":"<p>Une \u00e9lectricit\u00e9 verte Pour la fourniture en \u00e9lectricit\u00e9 des bornes, ENGIE Vianeo ach\u00e8te l\u2019\u00e9quivalent de la quantit\u00e9 d\u2019\u00e9lectricit\u00e9 consomm\u00e9e en Garantie(s) d\u2019Origine \u00e9mises par les producteurs d\u2019\u00e9nergie renouvelable.<\/p>\n","protected":false},"author":22,"featured_media":0,"parent":0,"menu_order":0,"comment_status":"closed","ping_status":"closed","template":"","meta":{"_acf_changed":false,"footnotes":""},"class_list":["post-7986","page","type-page","status-publish","hentry"],"acf":[],"yoast_head":"<!-- This site is optimized with the Yoast SEO plugin v26.2 - https:\/\/yoast.com\/wordpress\/plugins\/seo\/ -->\n<title>Recharge - ENGIE Vianeo<\/title>\n<meta name=\"robots\" content=\"noindex, follow, max-snippet:-1, max-image-preview:large, max-video-preview:-1\" \/>\n<meta property=\"og:locale\" content=\"en_US\" \/>\n<meta property=\"og:type\" content=\"article\" \/>\n<meta property=\"og:title\" content=\"Recharge - ENGIE Vianeo\" \/>\n<meta property=\"og:description\" content=\"Une \u00e9lectricit\u00e9 verte Pour la fourniture en \u00e9lectricit\u00e9 des bornes, ENGIE Vianeo ach\u00e8te l\u2019\u00e9quivalent de la quantit\u00e9 d\u2019\u00e9lectricit\u00e9 consomm\u00e9e en Garantie(s) d\u2019Origine \u00e9mises par les producteurs d\u2019\u00e9nergie renouvelable.\" \/>\n<meta property=\"og:url\" content=\"https:\/\/evianeo.befikry.com\/en\/la-recharge\/\" \/>\n<meta property=\"og:site_name\" content=\"ENGIE Vianeo\" \/>\n<meta property=\"article:publisher\" content=\"https:\/\/www.facebook.com\/ENGIEvianeo\" \/>\n<meta property=\"article:modified_time\" content=\"2025-11-24T13:24:06+00:00\" \/>\n<meta property=\"og:image\" content=\"https:\/\/evianeo.befikry.com\/wp-content\/uploads\/2023\/06\/img-engie-rs.jpg\" \/>\n\t<meta property=\"og:image:width\" content=\"1200\" \/>\n\t<meta property=\"og:image:height\" content=\"1222\" \/>\n\t<meta property=\"og:image:type\" content=\"image\/jpeg\" \/>\n<meta name=\"twitter:card\" content=\"summary_large_image\" \/>\n<meta name=\"twitter:site\" content=\"@ENGIEvianeo\" \/>\n<meta name=\"twitter:label1\" content=\"Est. reading time\" \/>\n\t<meta name=\"twitter:data1\" content=\"1 minute\" \/>\n<script type=\"application\/ld+json\" class=\"yoast-schema-graph\">{\"@context\":\"https:\/\/schema.org\",\"@graph\":[{\"@type\":\"WebPage\",\"@id\":\"https:\/\/evianeo.befikry.com\/en\/la-recharge\/\",\"url\":\"https:\/\/evianeo.befikry.com\/en\/la-recharge\/\",\"name\":\"Recharge - ENGIE Vianeo\",\"isPartOf\":{\"@id\":\"https:\/\/evianeo.befikry.com\/en\/#website\"},\"primaryImageOfPage\":{\"@id\":\"https:\/\/evianeo.befikry.com\/en\/la-recharge\/#primaryimage\"},\"image\":{\"@id\":\"https:\/\/evianeo.befikry.com\/en\/la-recharge\/#primaryimage\"},\"thumbnailUrl\":\"https:\/\/vianeo.befikry.com\/wp-content\/uploads\/2025\/09\/Green-electricity.svg\",\"datePublished\":\"2025-10-31T19:25:22+00:00\",\"dateModified\":\"2025-11-24T13:24:06+00:00\",\"breadcrumb\":{\"@id\":\"https:\/\/evianeo.befikry.com\/en\/la-recharge\/#breadcrumb\"},\"inLanguage\":\"en-US\",\"potentialAction\":[{\"@type\":\"ReadAction\",\"target\":[\"https:\/\/evianeo.befikry.com\/en\/la-recharge\/\"]}]},{\"@type\":\"ImageObject\",\"inLanguage\":\"en-US\",\"@id\":\"https:\/\/evianeo.befikry.com\/en\/la-recharge\/#primaryimage\",\"url\":\"https:\/\/vianeo.befikry.com\/wp-content\/uploads\/2025\/09\/Green-electricity.svg\",\"contentUrl\":\"https:\/\/vianeo.befikry.com\/wp-content\/uploads\/2025\/09\/Green-electricity.svg\"},{\"@type\":\"BreadcrumbList\",\"@id\":\"https:\/\/evianeo.befikry.com\/en\/la-recharge\/#breadcrumb\",\"itemListElement\":[{\"@type\":\"ListItem\",\"position\":1,\"name\":\"home\",\"item\":\"https:\/\/evianeo.befikry.com\/en\/\"},{\"@type\":\"ListItem\",\"position\":2,\"name\":\"Recharge\"}]},{\"@type\":\"WebSite\",\"@id\":\"https:\/\/evianeo.befikry.com\/en\/#website\",\"url\":\"https:\/\/evianeo.befikry.com\/en\/\",\"name\":\"ENGIE Vianeo\",\"description\":\"L\u2019\u00e9nergie est notre avenir, \u00e9conomisons-la.\",\"publisher\":{\"@id\":\"https:\/\/evianeo.befikry.com\/en\/#organization\"},\"potentialAction\":[{\"@type\":\"SearchAction\",\"target\":{\"@type\":\"EntryPoint\",\"urlTemplate\":\"https:\/\/evianeo.befikry.com\/en\/?s={search_term_string}\"},\"query-input\":{\"@type\":\"PropertyValueSpecification\",\"valueRequired\":true,\"valueName\":\"search_term_string\"}}],\"inLanguage\":\"en-US\"},{\"@type\":\"Organization\",\"@id\":\"https:\/\/evianeo.befikry.com\/en\/#organization\",\"name\":\"ENGIE Vianeo\",\"url\":\"https:\/\/evianeo.befikry.com\/en\/\",\"logo\":{\"@type\":\"ImageObject\",\"inLanguage\":\"en-US\",\"@id\":\"https:\/\/evianeo.befikry.com\/en\/#\/schema\/logo\/image\/\",\"url\":\"https:\/\/www.engie-vianeo.com\/wp-content\/uploads\/2023\/05\/logo-engie-vianeo.svg\",\"contentUrl\":\"https:\/\/www.engie-vianeo.com\/wp-content\/uploads\/2023\/05\/logo-engie-vianeo.svg\",\"width\":1,\"height\":1,\"caption\":\"ENGIE Vianeo\"},\"image\":{\"@id\":\"https:\/\/evianeo.befikry.com\/en\/#\/schema\/logo\/image\/\"},\"sameAs\":[\"https:\/\/www.facebook.com\/ENGIEvianeo\",\"https:\/\/x.com\/ENGIEvianeo\"]}]}<\/script>\n<!-- \/ Yoast SEO plugin. -->","yoast_head_json":{"title":"Recharge - ENGIE Vianeo","robots":{"index":"noindex","follow":"follow","max-snippet":"max-snippet:-1","max-image-preview":"max-image-preview:large","max-video-preview":"max-video-preview:-1"},"og_locale":"en_US","og_type":"article","og_title":"Recharge - ENGIE Vianeo","og_description":"Une \u00e9lectricit\u00e9 verte Pour la fourniture en \u00e9lectricit\u00e9 des bornes, ENGIE Vianeo ach\u00e8te l\u2019\u00e9quivalent de la quantit\u00e9 d\u2019\u00e9lectricit\u00e9 consomm\u00e9e en Garantie(s) d\u2019Origine \u00e9mises par les producteurs d\u2019\u00e9nergie renouvelable.","og_url":"https:\/\/evianeo.befikry.com\/en\/la-recharge\/","og_site_name":"ENGIE Vianeo","article_publisher":"https:\/\/www.facebook.com\/ENGIEvianeo","article_modified_time":"2025-11-24T13:24:06+00:00","og_image":[{"width":1200,"height":1222,"url":"https:\/\/evianeo.befikry.com\/wp-content\/uploads\/2023\/06\/img-engie-rs.jpg","type":"image\/jpeg"}],"twitter_card":"summary_large_image","twitter_site":"@ENGIEvianeo","twitter_misc":{"Est. reading time":"1 minute"},"schema":{"@context":"https:\/\/schema.org","@graph":[{"@type":"WebPage","@id":"https:\/\/evianeo.befikry.com\/en\/la-recharge\/","url":"https:\/\/evianeo.befikry.com\/en\/la-recharge\/","name":"Recharge - ENGIE Vianeo","isPartOf":{"@id":"https:\/\/evianeo.befikry.com\/en\/#website"},"primaryImageOfPage":{"@id":"https:\/\/evianeo.befikry.com\/en\/la-recharge\/#primaryimage"},"image":{"@id":"https:\/\/evianeo.befikry.com\/en\/la-recharge\/#primaryimage"},"thumbnailUrl":"https:\/\/vianeo.befikry.com\/wp-content\/uploads\/2025\/09\/Green-electricity.svg","datePublished":"2025-10-31T19:25:22+00:00","dateModified":"2025-11-24T13:24:06+00:00","breadcrumb":{"@id":"https:\/\/evianeo.befikry.com\/en\/la-recharge\/#breadcrumb"},"inLanguage":"en-US","potentialAction":[{"@type":"ReadAction","target":["https:\/\/evianeo.befikry.com\/en\/la-recharge\/"]}]},{"@type":"ImageObject","inLanguage":"en-US","@id":"https:\/\/evianeo.befikry.com\/en\/la-recharge\/#primaryimage","url":"https:\/\/vianeo.befikry.com\/wp-content\/uploads\/2025\/09\/Green-electricity.svg","contentUrl":"https:\/\/vianeo.befikry.com\/wp-content\/uploads\/2025\/09\/Green-electricity.svg"},{"@type":"BreadcrumbList","@id":"https:\/\/evianeo.befikry.com\/en\/la-recharge\/#breadcrumb","itemListElement":[{"@type":"ListItem","position":1,"name":"home","item":"https:\/\/evianeo.befikry.com\/en\/"},{"@type":"ListItem","position":2,"name":"Recharge"}]},{"@type":"WebSite","@id":"https:\/\/evianeo.befikry.com\/en\/#website","url":"https:\/\/evianeo.befikry.com\/en\/","name":"ENGIE Vianeo","description":"L\u2019\u00e9nergie est notre avenir, \u00e9conomisons-la.","publisher":{"@id":"https:\/\/evianeo.befikry.com\/en\/#organization"},"potentialAction":[{"@type":"SearchAction","target":{"@type":"EntryPoint","urlTemplate":"https:\/\/evianeo.befikry.com\/en\/?s={search_term_string}"},"query-input":{"@type":"PropertyValueSpecification","valueRequired":true,"valueName":"search_term_string"}}],"inLanguage":"en-US"},{"@type":"Organization","@id":"https:\/\/evianeo.befikry.com\/en\/#organization","name":"ENGIE Vianeo","url":"https:\/\/evianeo.befikry.com\/en\/","logo":{"@type":"ImageObject","inLanguage":"en-US","@id":"https:\/\/evianeo.befikry.com\/en\/#\/schema\/logo\/image\/","url":"https:\/\/www.engie-vianeo.com\/wp-content\/uploads\/2023\/05\/logo-engie-vianeo.svg","contentUrl":"https:\/\/www.engie-vianeo.com\/wp-content\/uploads\/2023\/05\/logo-engie-vianeo.svg","width":1,"height":1,"caption":"ENGIE Vianeo"},"image":{"@id":"https:\/\/evianeo.befikry.com\/en\/#\/schema\/logo\/image\/"},"sameAs":["https:\/\/www.facebook.com\/ENGIEvianeo","https:\/\/x.com\/ENGIEvianeo"]}]}},"_links":{"self":[{"href":"https:\/\/evianeo.befikry.com\/en\/wp-json\/wp\/v2\/pages\/7986","targetHints":{"allow":["GET"]}}],"collection":[{"href":"https:\/\/evianeo.befikry.com\/en\/wp-json\/wp\/v2\/pages"}],"about":[{"href":"https:\/\/evianeo.befikry.com\/en\/wp-json\/wp\/v2\/types\/page"}],"author":[{"embeddable":true,"href":"https:\/\/evianeo.befikry.com\/en\/wp-json\/wp\/v2\/users\/22"}],"replies":[{"embeddable":true,"href":"https:\/\/evianeo.befikry.com\/en\/wp-json\/wp\/v2\/comments?post=7986"}],"version-history":[{"count":2,"href":"https:\/\/evianeo.befikry.com\/en\/wp-json\/wp\/v2\/pages\/7986\/revisions"}],"predecessor-version":[{"id":8035,"href":"https:\/\/evianeo.befikry.com\/en\/wp-json\/wp\/v2\/pages\/7986\/revisions\/8035"}],"wp:attachment":[{"href":"https:\/\/evianeo.befikry.com\/en\/wp-json\/wp\/v2\/media?parent=7986"}],"curies":[{"name":"wp","href":"https:\/\/api.w.org\/{rel}","templated":true}]}}