{"id":96,"date":"2023-04-05T12:19:05","date_gmt":"2023-04-05T12:19:05","guid":{"rendered":"https:\/\/www.engie-vianeo.com\/les-nouveaux-horizons-de-la-mobilite\/"},"modified":"2025-11-24T14:51:16","modified_gmt":"2025-11-24T14:51:16","slug":"linnovation-au-service-des-vehicule-electriques","status":"publish","type":"page","link":"https:\/\/evianeo.befikry.com\/en\/","title":{"rendered":"Start to charge your electric car with ENGIE Vianeo"},"content":{"rendered":"\n<div class=\"wp-block-group top-header-pattern has-ultramarine-900-background-color has-background is-nowrap is-layout-flex wp-container-core-group-is-layout-6c531013 wp-block-group-is-layout-flex\">\n<div class=\"wp-block-group container header-hero-top has-global-padding is-layout-constrained wp-block-group-is-layout-constrained\">\n<h4 class=\"wp-block-heading has-grey-0-color has-text-color has-link-color has-source-serif-pro-font-family wp-elements-22b7bf1d725a2ed2fa7bc89bbae65b9f\" style=\"text-transform:uppercase\">En mai, rechargez<br>toutes vos batteries.<\/h4>\n\n\n\n<h5 class=\"wp-block-heading has-text-align-center has-grey-0-color has-text-color has-link-color has-clan-pro-font-family wp-elements-2c1958452a15f243e4a1d03c68632943\" style=\"font-style:normal;font-weight:700;text-transform:lowercase\"><span style=\"text-transform:uppercase;\">15\u20ac offerts<\/span><br>pour 2 recharges effectu\u00e9es<\/h5>\n\n\n<section class=\"right wp-block-engie-block-cta\">\n\t<div class=\"container\">\n\t\t\n\n<button    type=\"button\"\n    class=\"nj-btn  btn-orange\"\n            class=\"btn-orange wp-block-engie-button-primary\">\n\t\n\t\n\tT\u00e9l\u00e9chargez l\u2019application<\/button>\n\n\t<\/div>\n<\/section>\n<\/div>\n<\/div>\n\n\n<style>\n\t.block-picture-only img {\n\t\twidth: 100%;\n\t}\n<\/style>\n\n<section class=\"bend-orientation-top bend-color-grey block-picture-only mobile-hidden hidden wp-block-engie-block-picture-only\">\n\t<div class=\"\">\n\t\t<div class=\"\">\n\t\t\t\t\t\t\t<a href=\"https:\/\/engie-vianeo.go.link\/g7XAe\" >\n\t\t\t\t\t\t\t\t\t\t\t\t<img decoding=\"async\" src=\"https:\/\/evianeo.befikry.com\/wp-content\/uploads\/2025\/10\/top-section.jpg\" alt=\"\">\n\t\t\t\t\t\t\t\t\t\t\t<\/a>\n\t\t\t\t\t<\/div>\n\t<\/div>\n\n\t<\/section>\n\n\n\n\n<div class=\"wp-block-cover alignfull\" style=\"margin-top:0px;margin-bottom:0px;padding-top:64px;padding-right:145px;padding-bottom:64px;padding-left:145px;min-height:738px;aspect-ratio:unset;\" id=\"hero\"><img loading=\"lazy\" decoding=\"async\" width=\"1024\" height=\"820\" class=\"wp-block-cover__image-background wp-image-7994 size-full\" alt=\"\" src=\"https:\/\/evianeo.befikry.com\/wp-content\/uploads\/2025\/11\/engie-vianeo-hero.jpg\" data-object-fit=\"cover\" srcset=\"https:\/\/evianeo.befikry.com\/wp-content\/uploads\/2025\/11\/engie-vianeo-hero.jpg 1024w, https:\/\/evianeo.befikry.com\/wp-content\/uploads\/2025\/11\/engie-vianeo-hero-300x240.jpg 300w, https:\/\/evianeo.befikry.com\/wp-content\/uploads\/2025\/11\/engie-vianeo-hero-768x615.jpg 768w\" sizes=\"auto, (max-width: 1024px) 100vw, 1024px\" \/><span aria-hidden=\"true\" class=\"wp-block-cover__background has-black-background-color has-background-dim-40 has-background-dim\"><\/span><div class=\"wp-block-cover__inner-container is-layout-flow wp-block-cover-is-layout-flow\">\n<div class=\"wp-block-group container has-global-padding is-content-justification-left is-layout-constrained wp-container-core-group-is-layout-31e8396f wp-block-group-is-layout-constrained\" style=\"min-height:0px;margin-top:0;margin-bottom:0\">\n<h1 class=\"wp-block-heading hero-header-title has-base-color has-text-color has-link-color wp-elements-fe9a03fcabfb2ef4536d1e924be23c4b\" style=\"line-height:1\">Rechargez en toute s\u00e9r\u00e9nit\u00e9<\/h1>\n\n\n\n<p class=\"hero-header-desc has-base-color has-text-color has-link-color wp-elements-8595a1d037a712bd53383a78309a432f\">ENGIE VIANEO vivez votre meilleur exp\u00e9rience de recharge<\/p>\n<\/div>\n<\/div><\/div>\n\n\n<section class=\"desktop-xxl_height tablet-xs_height mobile-xs_height wp-block-engie-block-blank-dividers\">\n\t\n<\/section>\n\n\n<section class=\"style-right background-white wp-block-engie-block-cta-main\">\n    \n    <div class=\"block-cta-main-left\">\n        <div class=\"block-cta-content\">\n            <div class=\"title-round-icon\">\n                                <div class=\"block-cta-title\">\n                    <h2 class=\"title-cta-block\">Une exp\u00e9rience de recharge simple et transparente<\/h2>                <\/div>\n            <\/div>\n\n            <p class=\"block-cta-desc\">Gr\u00e2ce au paiement par carte bancaire ou via l\u2019application ENGIE Vianeo, la recharge n\u2019a jamais \u00e9t\u00e9 aussi simple.<br>En plus, nous affichons clairement nos tarifs. Comme \u00e7a, z\u00e9ro surprise !<\/p>\n            <ul class=\"block-cta-buttons-list\">\n                <li><a class=\"nj-btn\" href=\"\/carte-borne-recharge-voiture-electrique\/\">En savoir plus<\/a><\/li>            <\/ul>\n        <\/div>\n    <\/div>\n    \n    <div class=\"block-cta-main-right\">\n        <div class=\"block-cta-picture\"\n                            style=\"background:url(https:\/\/evianeo.befikry.com\/wp-content\/uploads\/2025\/11\/Une-experience-de-recharge-simple-et-transparente.webp) no-repeat; background-size:cover;\"\n            >\n        <\/div>\n    <\/div>\n\n<\/section>\n\n<section class=\"desktop-xxl_height tablet-xs_height mobile-xs_height chargemap-hidden wp-block-engie-block-blank-dividers\">\n\t\n<\/section>\n\n\n<div class=\"wp-block-group alignfull has-background has-global-padding is-layout-constrained wp-block-group-is-layout-constrained\" id=\"home-points\" style=\"background-color:#f6f8f9;margin-top:0px;margin-bottom:0px\">\n<div class=\"wp-block-columns alignfull point-gap is-layout-flex wp-container-core-columns-is-layout-33ba964e wp-block-columns-is-layout-flex\">\n<div class=\"wp-block-column order1 has-ultramarine-900-background-color is-layout-flow wp-block-column-is-layout-flow\">\n<figure class=\"wp-block-image size-full midsectionimage\"><img loading=\"lazy\" decoding=\"async\" width=\"668\" height=\"688\" src=\"https:\/\/evianeo.befikry.com\/wp-content\/uploads\/2025\/11\/Voir-la-stations.jpg\" alt=\"\" class=\"wp-image-7989\" srcset=\"https:\/\/evianeo.befikry.com\/wp-content\/uploads\/2025\/11\/Voir-la-stations.jpg 668w, https:\/\/evianeo.befikry.com\/wp-content\/uploads\/2025\/11\/Voir-la-stations-291x300.jpg 291w\" sizes=\"auto, (max-width: 668px) 100vw, 668px\" \/><\/figure>\n<\/div>\n\n\n\n<div class=\"wp-block-column home-points order2 has-ultramarine-900-background-color is-layout-flow wp-container-core-column-is-layout-08848174 wp-block-column-is-layout-flow\" style=\"padding-top:86px;padding-bottom:50px;padding-left:173px\">\n<div class=\"wp-block-group has-global-padding is-content-justification-left is-layout-constrained wp-container-core-group-is-layout-0a4336ca wp-block-group-is-layout-constrained\">\n<p class=\"hero-header-title has-no-bottom-margin has-custom-heading-color has-text-color has-link-color wp-elements-1472140009f40c7afbfecf2bb48beccd\" style=\"font-size:clamp(45.368px, 2.836rem + ((1vw - 3.2px) * 4.845), 88px);font-style:normal;font-weight:700\">6600<\/p>\n\n\n\n<p class=\"has-30-bottom-margin has-grey-0-color has-text-color has-link-color wp-elements-9312aea64a0fc05c2923891c89f8262b\" style=\"font-size:clamp(14px, 0.875rem + ((1vw - 3.2px) * 0.455), 18px);font-style:normal;font-weight:400\">Recharge points<\/p>\n<\/div>\n\n\n\n<div class=\"wp-block-group has-global-padding is-content-justification-left is-layout-constrained wp-container-core-group-is-layout-0a4336ca wp-block-group-is-layout-constrained\">\n<p class=\"hero-header-title has-no-bottom-margin has-custom-heading-color has-text-color has-link-color wp-elements-62bb0f38108ef37b3c1ddf304f69416f\" style=\"font-size:clamp(45.368px, 2.836rem + ((1vw - 3.2px) * 4.845), 88px);font-style:normal;font-weight:700\">340<\/p>\n\n\n\n<p class=\"has-30-bottom-margin has-grey-0-color has-text-color has-link-color wp-elements-88130c4215671891b0495936c262b4a4\" style=\"font-size:clamp(14px, 0.875rem + ((1vw - 3.2px) * 0.455), 18px);font-style:normal;font-weight:400\">Stations<\/p>\n<\/div>\n\n\n\n<div class=\"wp-block-group has-global-padding is-content-justification-left is-layout-constrained wp-container-core-group-is-layout-0a4336ca wp-block-group-is-layout-constrained\">\n<p class=\"hero-header-title has-no-bottom-margin has-custom-heading-color has-text-color has-link-color wp-elements-4345cbd408f413f5001d4ff383ccbb6a\" style=\"font-size:clamp(45.368px, 2.836rem + ((1vw - 3.2px) * 4.845), 88px);font-style:normal;font-weight:700\">2<\/p>\n\n\n\n<p class=\"has-30-bottom-margin has-grey-0-color has-text-color has-link-color wp-elements-89b67096901c2d6c99ec211efc48f6b2\" style=\"font-size:clamp(14px, 0.875rem + ((1vw - 3.2px) * 0.455), 18px);font-style:normal;font-weight:400\">Countries<\/p>\n<\/div>\n\n\n\n<div class=\"wp-block-group nopadding has-medium-font-size is-nowrap is-layout-flex wp-container-core-group-is-layout-879c0eda wp-block-group-is-layout-flex\" style=\"min-height:0px;margin-top:0;margin-bottom:0;padding-top:0;padding-right:0;padding-bottom:0;padding-left:0\"><section class=\"left nopadding wp-block-engie-block-cta\">\n\t<div class=\"container\">\n\t\t\n\n<a    type=\"button\"\n    class=\"nj-btn  whitebtn midsectionimagenj-btn\"\n    href=\"\"        class=\"whitebtn midsectionimagenj-btn wp-block-engie-button-primary\">\n\t\n\t\n\tVoir la carte des stations<\/a>\n\n\t<\/div>\n<\/section>\n<\/div>\n<\/div>\n<\/div>\n<\/div>\n\n\n<section class=\"desktop-r_height tablet-xs_height mobile-xs_height chargemap-hidden wp-block-engie-block-blank-dividers\">\n\t\n<\/section>\n\n<section class=\"section_titles_style_secondary newsection wp-block-engie-section-titles has-background has-grey-0-background-color\">\n\t<div class=\"container\">\n\t\t<h2 class=\"section_titles_title \">News<\/h2 >\t\t\t<\/div>\n<\/section>\n\n\n<section class=\"carrousel_color_white wp-block-engie-carrousel-articles\">\r\n\t<div class=\"container\">\r\n\t\t<div class=\"articles-section\">\r\n\t\t\t\t\t\t\t\t\t<div class=\"wp-block-engie-post-card\">\n<a href=\"https:\/\/evianeo.befikry.com\/en\/early-recharging-for-a-stress-free-journey-engie-vianeo-optimizes-the-experience-of-electric-truck-drivers\/\">\n\n\t<div class=\"nj-card \">\n\t\t<div class=\"img-container\">\n\t\t\t<img decoding=\"async\" class=\"nj-card__img\" src=\"https:\/\/evianeo.befikry.com\/wp-content\/uploads\/2025\/03\/Inauguration_Galande_241004-44.jpeg\" alt=\"Recharge d&#039;un camion \u00e9lectrique sur la station ENGIE Vianeo de Galande\" \/>\n\t\t<\/div>\n\t\t<div class=\"nj-card__body\">\n\t\t\t<div class=\"mb-2\">\n\t\t\t\t\t\t\t\t<div class=\"nj-tag nj-tag--\"><span class=\"nj-tag__text\">Heavy-duty vehicles<\/span><\/div>\n\t\t\t\t\t\t\t\t<div class=\"nj-tag nj-tag--orange\"><span class=\"nj-tag__text\">Press release<\/span><\/div>\n\t\t\t\t\t\t\t<\/div>\n\t\t\t<h2 class=\"nj-card__title\">Early recharging for a stress-free journey: ENGIE Vianeo optimizes the experience of electric truck drivers<\/h2>\n\t\t\t<p>Four months after the inauguration of its Lyon-Paris corridor, ENGIE Vianeo confirms its leadership in electric truck recharging. This pioneering project, rapidly adopted by hauliers, demonstrates ENGIE Vianeo&#8217;s ability to accelerate the transition to low-carbon transport and to innovate in the field of green mobility. Charging an electric truck at the ENGIE Vianeo station in [&hellip;]<\/p>\n\t\t<\/div>\n\t<\/div>\n\t<\/a>\n<\/div>\n\t\t\t\t\t\t\t\t\t\t\t<div class=\"wp-block-engie-post-card\">\n<a href=\"https:\/\/evianeo.befikry.com\/en\/e-truck-charging\/\">\n\n\t<div class=\"nj-card \">\n\t\t<div class=\"img-container\">\n\t\t\t<img decoding=\"async\" class=\"nj-card__img\" src=\"https:\/\/evianeo.befikry.com\/wp-content\/uploads\/2024\/06\/page_ML_2.webp\" alt=\" \" \/>\n\t\t<\/div>\n\t\t<div class=\"nj-card__body\">\n\t\t\t<div class=\"mb-2\">\n\t\t\t\t\t\t\t\t<div class=\"nj-tag nj-tag--\"><span class=\"nj-tag__text\">Heavy-duty vehicles<\/span><\/div>\n\t\t\t\t\t\t\t\t<div class=\"nj-tag nj-tag--orange\"><span class=\"nj-tag__text\">Press release<\/span><\/div>\n\t\t\t\t\t\t\t<\/div>\n\t\t\t<h2 class=\"nj-card__title\">The electrification of heavy mobility, an expert&#8217;s insight<\/h2>\n\t\t\t<p>Visit IAA Transportation 2024to be held in Hanover, Germany, will once again showcase the latest innovations in mobility and transportation. On this occasion, ENGIE Vianeo will be present to underline the importance of a massive transition to electromobility for heavy goods vehicles, in the same way as the meteoric development of recharging for light electric [&hellip;]<\/p>\n\t\t<\/div>\n\t<\/div>\n\t<\/a>\n<\/div>\n\t\t\t\t\t\t\t\t\t\t\t<div class=\"wp-block-engie-post-card\">\n<a href=\"https:\/\/evianeo.befikry.com\/en\/charging-electric-trucks-iaa-transportation\/\">\n\n\t<div class=\"nj-card \">\n\t\t<div class=\"img-container\">\n\t\t\t<img decoding=\"async\" class=\"nj-card__img\" src=\"https:\/\/evianeo.befikry.com\/wp-content\/uploads\/2024\/06\/page_ML.webp\" alt=\"camions \u00e9lectriques sur une aire de recharge\" \/>\n\t\t<\/div>\n\t\t<div class=\"nj-card__body\">\n\t\t\t<div class=\"mb-2\">\n\t\t\t\t\t\t\t\t<div class=\"nj-tag nj-tag--\"><span class=\"nj-tag__text\">Heavy-duty vehicles<\/span><\/div>\n\t\t\t\t\t\t\t<\/div>\n\t\t\t<h2 class=\"nj-card__title\">Electric truck charging: ENGIE Vianeo at IAA Transportation<\/h2>\n\t\t\t<p>Charging your electric car is almost as easy as charging your smartphone. As long as you adopt the right gestures.  What&#039;s the ideal charging frequency? Is it a good idea to plug into a charging station every day? Our practical tips for taking better care of your vehicle&#039;s battery  <\/p>\n\t\t<\/div>\n\t<\/div>\n\t<\/a>\n<\/div>\n\t\t\t\t\t\t\t<\/div>\r\n\t<\/div>\r\n\t\t\t\t\r\n\t\t\t\r\n\t<a href=\"\r\n\t\thttps:\/\/evianeo.befikry.com\/en\/news\/\t\t\" class=\"nj-btn\">Voir toutes les actualit\u00e9s<\/a>\r\n\r\n\t<\/section>\r\n\n\n<section class=\"desktop-xxl_height tablet-xs_height mobile-xs_height chargemap-hidden wp-block-engie-block-blank-dividers\">\n\t\n<\/section>","protected":false},"excerpt":{"rendered":"<p>En mai, rechargeztoutes vos batteries. 15\u20ac offertspour 2 recharges effectu\u00e9es 6600 Recharge points 340 Stations 2 Countries<\/p>\n","protected":false},"author":2,"featured_media":0,"parent":0,"menu_order":0,"comment_status":"closed","ping_status":"closed","template":"","meta":{"_acf_changed":false,"footnotes":""},"class_list":["post-96","page","type-page","status-publish","hentry"],"acf":[],"yoast_head":"<!-- This site is optimized with the Yoast SEO plugin v26.2 - https:\/\/yoast.com\/wordpress\/plugins\/seo\/ -->\n<title>Start to charge your electric car with ENGIE Vianeo<\/title>\n<meta name=\"description\" content=\"With ENGIE Vianeo, take a new approach to electric mobility. Decarbonize your everyday life with our electric charging solutions.\" \/>\n<meta name=\"robots\" content=\"noindex, follow, max-snippet:-1, max-image-preview:large, max-video-preview:-1\" \/>\n<meta property=\"og:locale\" content=\"en_US\" \/>\n<meta property=\"og:type\" content=\"article\" \/>\n<meta property=\"og:title\" content=\"ENGIE Vianeo\" \/>\n<meta property=\"og:description\" content=\"With ENGIE Vianeo, take a new approach to electric mobility. Decarbonize your everyday life with our electric charging solutions.\" \/>\n<meta property=\"og:url\" content=\"https:\/\/evianeo.befikry.com\/en\/\" \/>\n<meta property=\"og:site_name\" content=\"ENGIE Vianeo\" \/>\n<meta property=\"article:publisher\" content=\"https:\/\/www.facebook.com\/ENGIEvianeo\" \/>\n<meta property=\"article:modified_time\" content=\"2025-11-24T14:51:16+00:00\" \/>\n<meta property=\"og:image\" content=\"https:\/\/evianeo.befikry.com\/wp-content\/uploads\/2023\/06\/img-engie-rs.jpg\" \/>\n\t<meta property=\"og:image:width\" content=\"1200\" \/>\n\t<meta property=\"og:image:height\" content=\"1222\" \/>\n\t<meta property=\"og:image:type\" content=\"image\/jpeg\" \/>\n<meta name=\"twitter:card\" content=\"summary_large_image\" \/>\n<meta name=\"twitter:title\" content=\"ENGIE Vianeo\" \/>\n<meta name=\"twitter:description\" content=\"With ENGIE Vianeo, take a new approach to electric mobility. Decarbonize your everyday life with our electric charging solutions.\" \/>\n<meta name=\"twitter:image\" content=\"https:\/\/evianeo.befikry.com\/wp-content\/uploads\/2023\/06\/img-engie-rs.jpg\" \/>\n<meta name=\"twitter:site\" content=\"@ENGIEvianeo\" \/>\n<meta name=\"twitter:label1\" content=\"Est. reading time\" \/>\n\t<meta name=\"twitter:data1\" content=\"1 minute\" \/>\n<script type=\"application\/ld+json\" class=\"yoast-schema-graph\">{\"@context\":\"https:\/\/schema.org\",\"@graph\":[{\"@type\":\"WebPage\",\"@id\":\"https:\/\/evianeo.befikry.com\/en\/\",\"url\":\"https:\/\/evianeo.befikry.com\/en\/\",\"name\":\"Start to charge your electric car with ENGIE Vianeo\",\"isPartOf\":{\"@id\":\"https:\/\/evianeo.befikry.com\/en\/#website\"},\"primaryImageOfPage\":{\"@id\":\"https:\/\/evianeo.befikry.com\/en\/#primaryimage\"},\"image\":{\"@id\":\"https:\/\/evianeo.befikry.com\/en\/#primaryimage\"},\"thumbnailUrl\":\"https:\/\/evianeo.befikry.com\/wp-content\/uploads\/2025\/11\/engie-vianeo-hero.jpg\",\"datePublished\":\"2023-04-05T12:19:05+00:00\",\"dateModified\":\"2025-11-24T14:51:16+00:00\",\"description\":\"With ENGIE Vianeo, take a new approach to electric mobility. Decarbonize your everyday life with our electric charging solutions.\",\"breadcrumb\":{\"@id\":\"https:\/\/evianeo.befikry.com\/en\/#breadcrumb\"},\"inLanguage\":\"en-US\",\"potentialAction\":[{\"@type\":\"ReadAction\",\"target\":[\"https:\/\/evianeo.befikry.com\/en\/\"]}]},{\"@type\":\"ImageObject\",\"inLanguage\":\"en-US\",\"@id\":\"https:\/\/evianeo.befikry.com\/en\/#primaryimage\",\"url\":\"https:\/\/evianeo.befikry.com\/wp-content\/uploads\/2025\/11\/engie-vianeo-hero.jpg\",\"contentUrl\":\"https:\/\/evianeo.befikry.com\/wp-content\/uploads\/2025\/11\/engie-vianeo-hero.jpg\"},{\"@type\":\"BreadcrumbList\",\"@id\":\"https:\/\/evianeo.befikry.com\/en\/#breadcrumb\",\"itemListElement\":[{\"@type\":\"ListItem\",\"position\":1,\"name\":\"home\",\"item\":\"https:\/\/evianeo.befikry.com\/en\/\"},{\"@type\":\"ListItem\",\"position\":2,\"name\":\"Start to charge your electric car with ENGIE Vianeo\"}]},{\"@type\":\"WebSite\",\"@id\":\"https:\/\/evianeo.befikry.com\/en\/#website\",\"url\":\"https:\/\/evianeo.befikry.com\/en\/\",\"name\":\"ENGIE Vianeo\",\"description\":\"L\u2019\u00e9nergie est notre avenir, \u00e9conomisons-la.\",\"publisher\":{\"@id\":\"https:\/\/evianeo.befikry.com\/en\/#organization\"},\"potentialAction\":[{\"@type\":\"SearchAction\",\"target\":{\"@type\":\"EntryPoint\",\"urlTemplate\":\"https:\/\/evianeo.befikry.com\/en\/?s={search_term_string}\"},\"query-input\":{\"@type\":\"PropertyValueSpecification\",\"valueRequired\":true,\"valueName\":\"search_term_string\"}}],\"inLanguage\":\"en-US\"},{\"@type\":\"Organization\",\"@id\":\"https:\/\/evianeo.befikry.com\/en\/#organization\",\"name\":\"ENGIE Vianeo\",\"url\":\"https:\/\/evianeo.befikry.com\/en\/\",\"logo\":{\"@type\":\"ImageObject\",\"inLanguage\":\"en-US\",\"@id\":\"https:\/\/evianeo.befikry.com\/en\/#\/schema\/logo\/image\/\",\"url\":\"https:\/\/www.engie-vianeo.com\/wp-content\/uploads\/2023\/05\/logo-engie-vianeo.svg\",\"contentUrl\":\"https:\/\/www.engie-vianeo.com\/wp-content\/uploads\/2023\/05\/logo-engie-vianeo.svg\",\"width\":1,\"height\":1,\"caption\":\"ENGIE Vianeo\"},\"image\":{\"@id\":\"https:\/\/evianeo.befikry.com\/en\/#\/schema\/logo\/image\/\"},\"sameAs\":[\"https:\/\/www.facebook.com\/ENGIEvianeo\",\"https:\/\/x.com\/ENGIEvianeo\"]}]}<\/script>\n<!-- \/ Yoast SEO plugin. -->","yoast_head_json":{"title":"Start to charge your electric car with ENGIE Vianeo","description":"With ENGIE Vianeo, take a new approach to electric mobility. Decarbonize your everyday life with our electric charging solutions.","robots":{"index":"noindex","follow":"follow","max-snippet":"max-snippet:-1","max-image-preview":"max-image-preview:large","max-video-preview":"max-video-preview:-1"},"og_locale":"en_US","og_type":"article","og_title":"ENGIE Vianeo","og_description":"With ENGIE Vianeo, take a new approach to electric mobility. Decarbonize your everyday life with our electric charging solutions.","og_url":"https:\/\/evianeo.befikry.com\/en\/","og_site_name":"ENGIE Vianeo","article_publisher":"https:\/\/www.facebook.com\/ENGIEvianeo","article_modified_time":"2025-11-24T14:51:16+00:00","og_image":[{"width":1200,"height":1222,"url":"https:\/\/evianeo.befikry.com\/wp-content\/uploads\/2023\/06\/img-engie-rs.jpg","type":"image\/jpeg"}],"twitter_card":"summary_large_image","twitter_title":"ENGIE Vianeo","twitter_description":"With ENGIE Vianeo, take a new approach to electric mobility. Decarbonize your everyday life with our electric charging solutions.","twitter_image":"https:\/\/evianeo.befikry.com\/wp-content\/uploads\/2023\/06\/img-engie-rs.jpg","twitter_site":"@ENGIEvianeo","twitter_misc":{"Est. reading time":"1 minute"},"schema":{"@context":"https:\/\/schema.org","@graph":[{"@type":"WebPage","@id":"https:\/\/evianeo.befikry.com\/en\/","url":"https:\/\/evianeo.befikry.com\/en\/","name":"Start to charge your electric car with ENGIE Vianeo","isPartOf":{"@id":"https:\/\/evianeo.befikry.com\/en\/#website"},"primaryImageOfPage":{"@id":"https:\/\/evianeo.befikry.com\/en\/#primaryimage"},"image":{"@id":"https:\/\/evianeo.befikry.com\/en\/#primaryimage"},"thumbnailUrl":"https:\/\/evianeo.befikry.com\/wp-content\/uploads\/2025\/11\/engie-vianeo-hero.jpg","datePublished":"2023-04-05T12:19:05+00:00","dateModified":"2025-11-24T14:51:16+00:00","description":"With ENGIE Vianeo, take a new approach to electric mobility. Decarbonize your everyday life with our electric charging solutions.","breadcrumb":{"@id":"https:\/\/evianeo.befikry.com\/en\/#breadcrumb"},"inLanguage":"en-US","potentialAction":[{"@type":"ReadAction","target":["https:\/\/evianeo.befikry.com\/en\/"]}]},{"@type":"ImageObject","inLanguage":"en-US","@id":"https:\/\/evianeo.befikry.com\/en\/#primaryimage","url":"https:\/\/evianeo.befikry.com\/wp-content\/uploads\/2025\/11\/engie-vianeo-hero.jpg","contentUrl":"https:\/\/evianeo.befikry.com\/wp-content\/uploads\/2025\/11\/engie-vianeo-hero.jpg"},{"@type":"BreadcrumbList","@id":"https:\/\/evianeo.befikry.com\/en\/#breadcrumb","itemListElement":[{"@type":"ListItem","position":1,"name":"home","item":"https:\/\/evianeo.befikry.com\/en\/"},{"@type":"ListItem","position":2,"name":"Start to charge your electric car with ENGIE Vianeo"}]},{"@type":"WebSite","@id":"https:\/\/evianeo.befikry.com\/en\/#website","url":"https:\/\/evianeo.befikry.com\/en\/","name":"ENGIE Vianeo","description":"L\u2019\u00e9nergie est notre avenir, \u00e9conomisons-la.","publisher":{"@id":"https:\/\/evianeo.befikry.com\/en\/#organization"},"potentialAction":[{"@type":"SearchAction","target":{"@type":"EntryPoint","urlTemplate":"https:\/\/evianeo.befikry.com\/en\/?s={search_term_string}"},"query-input":{"@type":"PropertyValueSpecification","valueRequired":true,"valueName":"search_term_string"}}],"inLanguage":"en-US"},{"@type":"Organization","@id":"https:\/\/evianeo.befikry.com\/en\/#organization","name":"ENGIE Vianeo","url":"https:\/\/evianeo.befikry.com\/en\/","logo":{"@type":"ImageObject","inLanguage":"en-US","@id":"https:\/\/evianeo.befikry.com\/en\/#\/schema\/logo\/image\/","url":"https:\/\/www.engie-vianeo.com\/wp-content\/uploads\/2023\/05\/logo-engie-vianeo.svg","contentUrl":"https:\/\/www.engie-vianeo.com\/wp-content\/uploads\/2023\/05\/logo-engie-vianeo.svg","width":1,"height":1,"caption":"ENGIE Vianeo"},"image":{"@id":"https:\/\/evianeo.befikry.com\/en\/#\/schema\/logo\/image\/"},"sameAs":["https:\/\/www.facebook.com\/ENGIEvianeo","https:\/\/x.com\/ENGIEvianeo"]}]}},"_links":{"self":[{"href":"https:\/\/evianeo.befikry.com\/en\/wp-json\/wp\/v2\/pages\/96","targetHints":{"allow":["GET"]}}],"collection":[{"href":"https:\/\/evianeo.befikry.com\/en\/wp-json\/wp\/v2\/pages"}],"about":[{"href":"https:\/\/evianeo.befikry.com\/en\/wp-json\/wp\/v2\/types\/page"}],"author":[{"embeddable":true,"href":"https:\/\/evianeo.befikry.com\/en\/wp-json\/wp\/v2\/users\/2"}],"replies":[{"embeddable":true,"href":"https:\/\/evianeo.befikry.com\/en\/wp-json\/wp\/v2\/comments?post=96"}],"version-history":[{"count":32,"href":"https:\/\/evianeo.befikry.com\/en\/wp-json\/wp\/v2\/pages\/96\/revisions"}],"predecessor-version":[{"id":8038,"href":"https:\/\/evianeo.befikry.com\/en\/wp-json\/wp\/v2\/pages\/96\/revisions\/8038"}],"wp:attachment":[{"href":"https:\/\/evianeo.befikry.com\/en\/wp-json\/wp\/v2\/media?parent=96"}],"curies":[{"name":"wp","href":"https:\/\/api.w.org\/{rel}","templated":true}]}}